{"id":3141,"date":"2026-04-09T13:52:19","date_gmt":"2026-04-09T06:52:19","guid":{"rendered":"https:\/\/ngig.edu.vn\/?post_type=product&#038;p=3141"},"modified":"2026-04-09T13:52:19","modified_gmt":"2026-04-09T06:52:19","slug":"eu04-btp-sap-business-technology-platform-sap-consultant-training","status":"publish","type":"product","link":"https:\/\/ngig.edu.vn\/vi\/san-pham\/eu04-btp-sap-business-technology-platform-sap-consultant-training\/","title":{"rendered":"EU04 &#8211; BTP &#8211; SAP Business Technology Platform, SAP Consultant Training"},"content":{"rendered":"<p data-path-to-node=\"0\">Ch\u01b0\u01a1ng tr\u00ecnh \u0111\u00e0o t\u1ea1o <b data-path-to-node=\"0\" data-index-in-node=\"21\">SAP BTP &#8211; SAP Business Technology Platform<\/b> is organized by NGIG Institute (ngig.edu.vn), a global <b data-path-to-node=\"0\" data-index-in-node=\"119\">SAP Authorized Training Partner<\/b> \u0110\u00e0o t\u1ea1o v\u00e0 \u00c1p d\u1ee5ng SAP <b data-path-to-node=\"0\" data-index-in-node=\"203\">BI Lab &amp; SAP Next-Gen Center<\/b> (\u0110\u1ea1i h\u1ecdc Kinh t\u1ebf - Lu\u1eadt)<\/p>\n<h3 data-path-to-node=\"1\"><b data-path-to-node=\"1\" data-index-in-node=\"0\">T\u1ea1i sao b\u1ea1n n\u00ean tham gia?<\/b><\/h3>\n<p data-path-to-node=\"2\">With the purpose of training consultants with high professional capabilities to participate in projects to deploy, operate, and maintain modern enterprise ecosystems, the course is designed with the program <b data-path-to-node=\"2\" data-index-in-node=\"207\">SAP BTP &#8211; SAP Business Technology Platform<\/b>, which includes many optional topics such as Integration, Extension, and Data Analytics. After each topic, students are guided to take a global certification in the <b data-path-to-node=\"2\" data-index-in-node=\"415\">Ch\u1ee9ng ch\u1ec9 To\u00e0n c\u1ea7u SAP<\/b> bao g\u1ed3m danh m\u1ee5c h\u1ec7 th\u1ed1ng ch\u1ee9ng ch\u1ec9 \u0111\u01b0\u1ee3c c\u00f4ng nh\u1eadn qu\u1ed1c t\u1ebf.<\/p>\n<h3 data-path-to-node=\"3\"><b data-path-to-node=\"3\" data-index-in-node=\"0\">\u0110\u1ed1i t\u01b0\u1ee3ng m\u1ee5c ti\u00eau<\/b><\/h3>\n<p data-path-to-node=\"4\">The course is suitable for university students majoring in Computer Science, Information Technology, Economics, Business, and Management; as well as alumni and working professionals who are preparing to start working or want to improve their capacity in the field of <b data-path-to-node=\"4\" data-index-in-node=\"267\">ERP Consulting, Cloud Development, and System Integration<\/b> using <b data-path-to-node=\"4\" data-index-in-node=\"331\">N\u1ec1n t\u1ea3ng c\u00f4ng ngh\u1ec7 kinh doanh SAP<\/b>.<\/p>\n<h3 data-path-to-node=\"5\"><b data-path-to-node=\"5\" data-index-in-node=\"0\">L\u1ee3i \u00edch mang l\u1ea1i cho h\u1ecdc vi\u00ean<\/b><\/h3>\n<ul data-path-to-node=\"6\">\n<li>\n<p data-path-to-node=\"6,0,0\"><b data-path-to-node=\"6,0,0\" data-index-in-node=\"0\">Ch\u1ee9ng nh\u1eadn To\u00e0n c\u1ea7u SAP:<\/b> Drive your career growth with a recognized SAP BTP Certification.<\/p>\n<\/li>\n<li>\n<p data-path-to-node=\"6,1,0\"><b data-path-to-node=\"6,1,0\" data-index-in-node=\"0\">D\u1eabn \u0111\u1ea7u xu th\u1ebf:<\/b> Equip yourself with the latest knowledge about <b data-path-to-node=\"6,1,0\" data-index-in-node=\"72\">SAP Business Technology Platform<\/b>, opening up new career opportunities in Cloud transformation.<\/p>\n<\/li>\n<li>\n<p data-path-to-node=\"6,2,0\"><b data-path-to-node=\"6,2,0\" data-index-in-node=\"0\">H\u01b0\u1edbng d\u1eabn chuy\u00ean gia<\/b> Learn from the best in the field and glean valuable insights from their practical experience in BTP implementation.<\/p>\n<\/li>\n<li>\n<p data-path-to-node=\"6,3,0\"><b data-path-to-node=\"6,3,0\" data-index-in-node=\"0\">M\u00f4 h\u00ecnh h\u1ecdc t\u1eadp t\u01b0\u01a1ng t\u00e1c:<\/b> Hands-on exercises in the <b data-path-to-node=\"6,3,0\" data-index-in-node=\"48\">SAP BTP environment<\/b> and real-world scenarios to solidify your understanding.<\/p>\n<\/li>\n<li>\n<p data-path-to-node=\"6,4,0\"><b data-path-to-node=\"6,4,0\" data-index-in-node=\"0\">T\u01b0 v\u1ea5n chuy\u00ean s\u00e2u:<\/b> Discuss projects and future career opportunities with experts who have successfully implemented SAP BTP for multinational corporations.<\/p>\n<\/li>\n<li>\n<p data-path-to-node=\"6,5,0\"><b data-path-to-node=\"6,5,0\" data-index-in-node=\"0\">M\u00f4i tr\u01b0\u1eddng h\u1ee3p t\u00e1c:<\/b> Share ideas, network with peers, and discover new approaches to automation and &#8220;Clean Core&#8221; strategies.<\/p>\n<\/li>\n<li>\n<p data-path-to-node=\"6,6,0\"><b data-path-to-node=\"6,6,0\" data-index-in-node=\"0\">Ch\u1ee9ng ch\u1ec9 ho\u00e0n th\u00e0nh kh\u00f3a h\u1ecdc:<\/b> \u0110\u01b0\u1ee3c c\u1ea5p ch\u1ee9ng ch\u1ec9 ho\u00e0n th\u00e0nh kh\u00f3a h\u1ecdc b\u1edfi Vi\u1ec7n NGIG v\u00e0 Trung t\u00e2m Bi-Lab, \u0110\u1ea1i h\u1ecdc Kinh t\u1ebf Lu\u1eadt.<\/p>\n<\/li>\n<\/ul>\n<h3 data-path-to-node=\"7\"><b data-path-to-node=\"7\" data-index-in-node=\"0\">Thi\u1ebft k\u1ebf kh\u00f3a h\u1ecdc<\/b><\/h3>\n<ul data-path-to-node=\"8\">\n<li>\n<p data-path-to-node=\"8,0,0\">The course has a total study duration of 9<b data-path-to-node=\"8,0,0\" data-index-in-node=\"41\">\u00a0weeks<\/b> with 3 classes per week (total 27 sessions).<\/p>\n<\/li>\n<li>\n<p data-path-to-node=\"8,1,0\">The course is held <b data-path-to-node=\"8,1,0\" data-index-in-node=\"19\">online and hybrid<\/b> at the same time.<\/p>\n<\/li>\n<\/ul>","protected":false},"excerpt":{"rendered":"<p>Ch\u01b0\u01a1ng tr\u00ecnh \u0111\u00e0o t\u1ea1o <b data-path-to-node=\"0\" data-index-in-node=\"21\">SAP BTP &#8211; SAP Business Technology Platform<\/b> is organized by NGIG Institute (ngig.edu.vn), a global <b data-path-to-node=\"0\" data-index-in-node=\"119\">SAP Authorized Training Partner<\/b> \u0110\u00e0o t\u1ea1o v\u00e0 \u00c1p d\u1ee5ng SAP <b data-path-to-node=\"0\" data-index-in-node=\"203\">BI Lab &amp; SAP Next-Gen Center<\/b> (\u0110\u1ea1i h\u1ecdc Kinh t\u1ebf - Lu\u1eadt)<\/p>\n<p>The course has a total study duration of 9<b data-path-to-node=\"8,0,0\" data-index-in-node=\"41\">\u00a0weeks<\/b> with 3 classes per week (total 27 sessions).<\/p>","protected":false},"featured_media":3142,"comment_status":"open","ping_status":"closed","template":"","meta":{"om_disable_all_campaigns":false,"_monsterinsights_skip_tracking":false,"_monsterinsights_sitenote_active":false,"_monsterinsights_sitenote_note":"","_monsterinsights_sitenote_category":0,"site-sidebar-layout":"default","site-content-layout":"","ast-site-content-layout":"default","site-content-style":"default","site-sidebar-style":"default","ast-global-header-display":"","ast-banner-title-visibility":"","ast-main-header-display":"","ast-hfb-above-header-display":"","ast-hfb-below-header-display":"","ast-hfb-mobile-header-display":"","site-post-title":"","ast-breadcrumbs-content":"","ast-featured-img":"","footer-sml-layout":"","theme-transparent-header-meta":"default","adv-header-id-meta":"","stick-header-meta":"","header-above-stick-meta":"","header-main-stick-meta":"","header-below-stick-meta":"","astra-migrate-meta-layouts":"set","ast-page-background-enabled":"default","ast-page-background-meta":{"desktop":{"background-color":"","background-image":"","background-repeat":"repeat","background-position":"center center","background-size":"auto","background-attachment":"scroll","background-type":"","background-media":"","overlay-type":"","overlay-color":"","overlay-opacity":"","overlay-gradient":""},"tablet":{"background-color":"","background-image":"","background-repeat":"repeat","background-position":"center center","background-size":"auto","background-attachment":"scroll","background-type":"","background-media":"","overlay-type":"","overlay-color":"","overlay-opacity":"","overlay-gradient":""},"mobile":{"background-color":"","background-image":"","background-repeat":"repeat","background-position":"center center","background-size":"auto","background-attachment":"scroll","background-type":"","background-media":"","overlay-type":"","overlay-color":"","overlay-opacity":"","overlay-gradient":""}},"ast-content-background-meta":{"desktop":{"background-color":"var(--ast-global-color-5)","background-image":"","background-repeat":"repeat","background-position":"center center","background-size":"auto","background-attachment":"scroll","background-type":"","background-media":"","overlay-type":"","overlay-color":"","overlay-opacity":"","overlay-gradient":""},"tablet":{"background-color":"var(--ast-global-color-5)","background-image":"","background-repeat":"repeat","background-position":"center center","background-size":"auto","background-attachment":"scroll","background-type":"","background-media":"","overlay-type":"","overlay-color":"","overlay-opacity":"","overlay-gradient":""},"mobile":{"background-color":"var(--ast-global-color-5)","background-image":"","background-repeat":"repeat","background-position":"center center","background-size":"auto","background-attachment":"scroll","background-type":"","background-media":"","overlay-type":"","overlay-color":"","overlay-opacity":"","overlay-gradient":""}}},"product_brand":[],"product_cat":[98],"product_tag":[],"class_list":{"0":"post-3141","1":"product","2":"type-product","3":"status-publish","4":"has-post-thumbnail","6":"product_cat-instructor-led-training","7":"desktop-align-left","8":"tablet-align-left","9":"mobile-align-left","11":"first","12":"instock","13":"taxable","14":"shipping-taxable","15":"purchasable","16":"product-type-simple"},"_links":{"self":[{"href":"https:\/\/ngig.edu.vn\/vi\/wp-json\/wp\/v2\/product\/3141","targetHints":{"allow":["GET"]}}],"collection":[{"href":"https:\/\/ngig.edu.vn\/vi\/wp-json\/wp\/v2\/product"}],"about":[{"href":"https:\/\/ngig.edu.vn\/vi\/wp-json\/wp\/v2\/types\/product"}],"replies":[{"embeddable":true,"href":"https:\/\/ngig.edu.vn\/vi\/wp-json\/wp\/v2\/comments?post=3141"}],"wp:featuredmedia":[{"embeddable":true,"href":"https:\/\/ngig.edu.vn\/vi\/wp-json\/wp\/v2\/media\/3142"}],"wp:attachment":[{"href":"https:\/\/ngig.edu.vn\/vi\/wp-json\/wp\/v2\/media?parent=3141"}],"wp:term":[{"taxonomy":"product_brand","embeddable":true,"href":"https:\/\/ngig.edu.vn\/vi\/wp-json\/wp\/v2\/product_brand?post=3141"},{"taxonomy":"product_cat","embeddable":true,"href":"https:\/\/ngig.edu.vn\/vi\/wp-json\/wp\/v2\/product_cat?post=3141"},{"taxonomy":"product_tag","embeddable":true,"href":"https:\/\/ngig.edu.vn\/vi\/wp-json\/wp\/v2\/product_tag?post=3141"}],"curies":[{"name":"wp","href":"https:\/\/api.w.org\/{rel}","templated":true}]}}