{"id":2627,"date":"2024-08-09T08:51:25","date_gmt":"2024-08-09T01:51:25","guid":{"rendered":"https:\/\/ngig.edu.vn\/?post_type=product&#038;p=2627"},"modified":"2024-11-01T16:03:50","modified_gmt":"2024-11-01T09:03:50","slug":"p02-power-apps-sap-rpa-workshop","status":"publish","type":"product","link":"https:\/\/ngig.edu.vn\/vi\/san-pham\/p02-power-apps-sap-rpa-workshop\/","title":{"rendered":"P02 &#8211; Power Apps, SAP &#038; RPA Workshop"},"content":{"rendered":"<p>Tham gia c\u00f9ng ch\u00fang t\u00f4i\u00a0<strong>kh\u00f3a h\u1ecdc th\u1ef1c h\u00e0nh t\u1ef1 \u0111\u1ed9ng h\u00f3a quy tr\u00ecnh b\u1eb1ng robot<\/strong>\u00a0v\u00e0 t\u00ecm hi\u1ec3u c\u00e1ch t\u1ef1 \u0111\u1ed9ng h\u00f3a \u0111\u1ec3 lo\u1ea1i b\u1ecf nh\u1eefng c\u00f4ng vi\u1ec7c th\u1ee7 c\u00f4ng l\u1eb7p \u0111i l\u1eb7p l\u1ea1i, gi\u00fap b\u1ea1n ti\u1ebft ki\u1ec7m th\u1eddi gian v\u00e0 n\u00e2ng cao hi\u1ec7u su\u1ea5t l\u00e0m vi\u1ec7c v\u00e0\u00a0<strong>t\u1ef1 ch\u1ee7 th\u1eddi gian c\u1ee7a m\u00ecnh.<\/strong>\u0110\u00e2y kh\u00f4ng ch\u1ec9 l\u00e0 m\u1ed9t kh\u00f3a h\u1ecdc th\u00f4ng th\u01b0\u1eddng m\u00e0 c\u00f2n l\u00e0 c\u01a1 h\u1ed9i \u0111\u1ec3 tr\u1ea3i nghi\u1ec7m c\u00e1ch gi\u1ea3i quy\u1ebft c\u00e1c v\u1ea5n \u0111\u1ec1 kinh doanh th\u1ef1c t\u1ebf, \u0111\u1eb7c bi\u1ec7t l\u00e0 c\u00e1c v\u1ea5n \u0111\u1ec1 li\u00ean quan \u0111\u1ebfn SAP. Workshop \u0111\u01b0\u1ee3c d\u1eabn d\u1eaft b\u1edfi c\u00e1c chuy\u00ean gia h\u00e0ng \u0111\u1ea7u v\u1edbi nhi\u1ec1u n\u0103m kinh nghi\u1ec7m tri\u1ec3n khai d\u1ef1 \u00e1n t\u1ef1 \u0111\u1ed9ng h\u00f3a t\u1ea1i c\u00e1c t\u1eadp \u0111o\u00e0n \u0111a qu\u1ed1c gia tr\u00ean th\u1ebf gi\u1edbi.<\/p>\n<p><strong>T\u1ea1i sao b\u1ea1n n\u00ean tham gia?<\/strong><\/p>\n<ul>\n<li><strong>Kh\u00f4ng c\u00f2n nh\u1eefng gi\u1edd<\/strong>\u00a0d\u00e0nh cho\u00a0<strong>c\u00e1c c\u00f4ng vi\u1ec7c th\u01b0\u1eddng xuy\u00ean l\u1eb7p l\u1ea1i ho\u1eb7c vi\u1ec7c t\u1ea1o b\u00e1o c\u00e1o th\u1ee7 c\u00f4ng.<\/strong>.<\/li>\n<li>Thay v\u00e0o \u0111\u00f3, h\u00e3y t\u1eadp trung v\u00e0o<b>\u00a0t\u01b0 duy s\u00e1ng t\u1ea1o \u0111\u1ec3 gi\u1ea3i quy\u1ebft v\u1ea5n \u0111\u1ec1, t\u01b0 duy chi\u1ebfn l\u01b0\u1ee3c v\u00e0 x\u00e2y d\u1ef1ng m\u1ed1i quan h\u1ec7 b\u1ec1n v\u1eefng<\/b><\/li>\n<li>RPA tr\u1edf th\u00e0nh\u00a0<b>tr\u1ee3 l\u00fd \u1ea3o c\u1ee7a b\u1ea1n<\/b>x\u1eed l\u00fd nh\u1eefng \u0111i\u1ec1u b\u00ecnh th\u01b0\u1eddng, trong khi b\u1ea1n t\u1eadp trung v\u00e0o nh\u1eefng g\u00ec th\u1ef1c s\u1ef1 quan tr\u1ecdng.<\/li>\n<\/ul>\n<p><strong>\u0110\u1ed1i t\u01b0\u1ee3ng m\u1ee5c ti\u00eau<\/strong><\/p>\n<p>Kh\u00f3a h\u1ecdc kh\u00f4ng ch\u1ec9 d\u00e0nh ri\u00eang cho k\u1ebf to\u00e1n vi\u00ean, nh\u00e0 ph\u00e2n t\u00edch kinh doanh, nh\u00e0 ph\u00e2n t\u00edch d\u1eef li\u1ec7u, chuy\u00ean vi\u00ean IT, h\u1ed7 tr\u1ee3 IT m\u00e0 c\u00f2n ph\u00f9 h\u1ee3p v\u1edbi b\u1ea5t k\u1ef3 ai quan t\u00e2m v\u00e0 \u0111am m\u00ea kh\u00e1m ph\u00e1 t\u1ef1 \u0111\u1ed9ng h\u00f3a quy tr\u00ecnh v\u00e0 ph\u00e2n t\u00edch d\u1eef li\u1ec7u (bao g\u1ed3m c\u1ea3 sinh vi\u00ean kinh t\u1ebf v\u00e0 c\u00f4ng ngh\u1ec7 mu\u1ed1n trang b\u1ecb ki\u1ebfn th\u1ee9c th\u1ef1c ti\u1ec5n cho s\u1ef1 nghi\u1ec7p t\u01b0\u01a1ng lai).<\/p>\n<p class=\"elementor-heading-title elementor-size-default\"><strong>L\u1ee3i \u00edch mang l\u1ea1i cho h\u1ecdc vi\u00ean<\/strong><\/p>\n<ul>\n<li data-sourcepos=\"1:1-1:168\"><strong>D\u1eabn \u0111\u1ea7u xu th\u1ebf:<\/strong>\u00a0Trang b\u1ecb cho b\u1ea3n th\u00e2n ki\u1ebfn th\u1ee9c c\u1eadp nh\u1eadt v\u1ec1 RPA k\u1ebft h\u1ee3p v\u1edbi SAP, m\u1ed9t xu h\u01b0\u1edbng to\u00e0n c\u1ea7u, m\u1edf ra nh\u1eefng c\u01a1 h\u1ed9i ngh\u1ec1 nghi\u1ec7p m\u1edbi cho b\u1ea1n.<\/li>\n<li data-sourcepos=\"23:1-23:116\"><strong>H\u01b0\u1edbng d\u1eabn chuy\u00ean gia<\/strong>\u00a0H\u1ecdc h\u1ecfi t\u1eeb nh\u1eefng chuy\u00ean gia h\u00e0ng \u0111\u1ea7u v\u00e0 t\u00edch l\u0169y kinh nghi\u1ec7m th\u1ef1c ti\u1ec5n qu\u00fd b\u00e1u.<\/li>\n<li data-sourcepos=\"22:1-22:103\"><strong>M\u00f4 h\u00ecnh h\u1ecdc t\u1eadp t\u01b0\u01a1ng t\u00e1c:<\/strong>\u00a0Th\u1ef1c h\u00e0nh tr\u1ef1c ti\u1ebfp tr\u00ean h\u1ec7 th\u1ed1ng SAP &amp; RPA v\u00e0 c\u00e1c k\u1ecbch b\u1ea3n th\u1ef1c t\u1ebf \u0111\u1ec3 c\u1ee7ng c\u1ed1 ki\u1ebfn th\u1ee9c c\u1ee7a b\u1ea1n.<\/li>\n<li data-sourcepos=\"7:1-7:202\"><strong>T\u01b0 v\u1ea5n chuy\u00ean s\u00e2u:<\/strong>\u00a0Th\u1ea3o lu\u1eadn v\u1ec1 d\u1ef1 \u00e1n v\u00e0 \u0111\u1ecbnh h\u01b0\u1edbng ngh\u1ec1 nghi\u1ec7p t\u01b0\u01a1ng lai v\u1edbi c\u00e1c chuy\u00ean gia \u0111\u00e3 tri\u1ec3n khai th\u00e0nh c\u00f4ng h\u00e0ng tr\u0103m quy tr\u00ecnh t\u1ef1 \u0111\u1ed9ng h\u00f3a cho c\u00e1c t\u1eadp \u0111o\u00e0n \u0111a qu\u1ed1c gia tr\u00ean to\u00e0n th\u1ebf gi\u1edbi.<\/li>\n<li data-sourcepos=\"24:1-24:108\"><strong>M\u00f4i tr\u01b0\u1eddng h\u1ee3p t\u00e1c:<\/strong>\u00a0Chia s\u1ebb \u00fd t\u01b0\u1edfng, k\u1ebft n\u1ed1i v\u1edbi \u0111\u1ed3ng nghi\u1ec7p v\u00e0 kh\u00e1m ph\u00e1 nh\u1eefng ph\u01b0\u01a1ng ph\u00e1p t\u1ef1 \u0111\u1ed9ng h\u00f3a m\u1edbi.<\/li>\n<li data-sourcepos=\"11:1-11:141\"><strong>Ch\u1ee9ng ch\u1ec9 ho\u00e0n th\u00e0nh kh\u00f3a h\u1ecdc:<\/strong>\u00a0\u0110\u01b0\u1ee3c c\u1ea5p ch\u1ee9ng ch\u1ec9 ho\u00e0n th\u00e0nh kh\u00f3a h\u1ecdc b\u1edfi Vi\u1ec7n NGIG v\u00e0 Trung t\u00e2m Bi-Lab, \u0110\u1ea1i h\u1ecdc Kinh t\u1ebf Lu\u1eadt.<\/li>\n<\/ul>\n<p class=\"elementor-heading-title elementor-size-default\"><strong>Thi\u1ebft k\u1ebf kh\u00f3a h\u1ecdc<\/strong><\/p>\n<ul>\n<li data-sourcepos=\"13:1-13:60\">Gi\u1edbi thi\u1ec7u t\u1ed5ng quan v\u1ec1 RPA trong t\u1ef1 \u0111\u1ed9ng h\u00f3a quy tr\u00ecnh doanh nghi\u1ec7p, bao g\u1ed3m c\u00e1c th\u00e0nh ph\u1ea7n quan tr\u1ecdng.<\/li>\n<li><strong>T\u00edch h\u1ee3p Power Automate v\u1edbi SAP:<\/strong>\u00a0Instructions on how to integrate your applications with the company\u2019s existing SAP system in a flexible and secure way.<\/li>\n<li><b>B\u00e0i t\u1eadp th\u1ef1c h\u00e0nh chi ti\u1ebft t\u1eebng b\u01b0\u1edbc:<\/b>\u00a005 tr\u01b0\u1eddng h\u1ee3p kinh doanh SAP n\u1ed5i b\u1eadt v\u1ec1 c\u00e1ch k\u1ebft n\u1ed1i c\u00e1c quy tr\u00ecnh t\u1ef1 \u0111\u1ed9ng h\u00f3a \u0111\u01b0\u1ee3c t\u1ea1o b\u1edfi Power Automate v\u1edbi Power Apps \u0111\u1ec3 gi\u1ea3i quy\u1ebft c\u00e1c v\u1ea5n \u0111\u1ec1 th\u1ef1c t\u1ebf.<\/li>\n<li data-sourcepos=\"15:1-15:118\">Th\u1ef1c h\u00e0nh tr\u1ef1c ti\u1ebfp v\u1edbi c\u00e1c ho\u1ea1t \u0111\u1ed9ng \u0111\u01a1n gi\u1ea3n nh\u01b0ng hi\u1ec7u qu\u1ea3, gi\u00fap b\u1ea1n hi\u1ec3u c\u00e1ch x\u00e2y d\u1ef1ng gi\u1ea3i ph\u00e1p trong th\u1ef1c t\u1ebf.<\/li>\n<li data-sourcepos=\"17:1-18:0\">Th\u1ea3o lu\u1eadn v\u1edbi c\u00e1c chuy\u00ean gia v\u1ec1 SAP v\u00e0 T\u1ef1 \u0111\u1ed9ng h\u00f3a v\u1ec1 c\u00e1ch \u00e1p d\u1ee5ng ki\u1ebfn th\u1ee9c Power Apps v\u00e0o c\u00e1c d\u1ef1 \u00e1n v\u00e0 c\u01a1 h\u1ed9i ngh\u1ec1 nghi\u1ec7p t\u01b0\u01a1ng lai c\u1ee7a b\u1ea1n.<\/li>\n<\/ul>\n<p><strong>Notes<\/strong><\/p>\n<table dir=\"ltr\" border=\"1\" cellspacing=\"0\" cellpadding=\"0\" data-sheets-root=\"1\">\n<tbody>\n<tr>\n<td data-sheets-value=\"{&quot;1&quot;:2,&quot;2&quot;:&quot;Session&quot;}\">\n<h6><strong>Session<\/strong><\/h6>\n<\/td>\n<td data-sheets-value=\"{&quot;1&quot;:2,&quot;2&quot;:&quot;Topic Number&quot;}\">\n<h6><strong>Ch\u1ee7 \u0111\u1ec1<\/strong><\/h6>\n<\/td>\n<td data-sheets-value=\"{&quot;1&quot;:2,&quot;2&quot;:&quot;Topic Name&quot;}\">\n<h6><strong>T\u00ean ch\u1ee7 \u0111\u1ec1<\/strong><\/h6>\n<\/td>\n<td data-sheets-value=\"{&quot;1&quot;:2,&quot;2&quot;:&quot;Description&quot;}\">\n<h6><strong>M\u00f4 t\u1ea3<\/strong><\/h6>\n<\/td>\n<\/tr>\n<tr>\n<td colspan=\"1\" rowspan=\"2\" data-sheets-value=\"{&quot;1&quot;:3,&quot;3&quot;:1}\">\n<h6><strong>#1<\/strong><\/h6>\n<\/td>\n<td data-sheets-value=\"{&quot;1&quot;:3,&quot;3&quot;:44927}\" data-sheets-numberformat=\"{&quot;1&quot;:5,&quot;2&quot;:&quot;d.m&quot;,&quot;3&quot;:1}\">1.1<\/td>\n<td data-sheets-value=\"{&quot;1&quot;:2,&quot;2&quot;:&quot;Introduction to Power Apps&quot;}\">Gi\u1edbi thi\u1ec7u v\u1ec1 Power Apps<\/td>\n<td data-sheets-value=\"{&quot;1&quot;:2,&quot;2&quot;:&quot;- Introduction to Canvas Apps &amp; Power App Controls \\n- Integrating Power Apps with Power Automate&quot;}\">\u2013 Introduction to Canvas Apps &amp; Power App Controls<br \/>\n\u2013 Integrating Power Apps with Power Automate<\/td>\n<\/tr>\n<tr>\n<td data-sheets-value=\"{&quot;1&quot;:3,&quot;3&quot;:44958}\" data-sheets-numberformat=\"{&quot;1&quot;:5,&quot;2&quot;:&quot;d.m&quot;,&quot;3&quot;:1}\">1.2<\/td>\n<td data-sheets-value=\"{&quot;1&quot;:2,&quot;2&quot;:&quot;Hands-on Exercise&quot;}\">B\u00e0i t\u1eadp th\u1ef1c h\u00e0nh<\/td>\n<td data-sheets-value=\"{&quot;1&quot;:2,&quot;2&quot;:&quot;Exercise: Build SAP connection and Apps.&quot;}\"><strong><em>B\u00e0i t\u1eadp 1: X\u00e2y d\u1ef1ng k\u1ebft n\u1ed1i v\u00e0 \u1ee9ng d\u1ee5ng SAP<\/em><\/strong><\/td>\n<\/tr>\n<tr>\n<td colspan=\"1\" rowspan=\"2\" data-sheets-value=\"{&quot;1&quot;:3,&quot;3&quot;:2}\">\n<div><strong>#2<\/strong><\/div>\n<\/td>\n<td data-sheets-value=\"{&quot;1&quot;:3,&quot;3&quot;:44928}\" data-sheets-numberformat=\"{&quot;1&quot;:5,&quot;2&quot;:&quot;d.m&quot;,&quot;3&quot;:1}\">2.1<\/td>\n<td data-sheets-value=\"{&quot;1&quot;:2,&quot;2&quot;:&quot;SharePoint Lists&quot;}\">SharePoint Lists<\/td>\n<td data-sheets-value=\"{&quot;1&quot;:2,&quot;2&quot;:&quot;- Understanding SharePoint Lists\\n- Design SharePoint Lists User Interface\\n- Formula basics &amp; usage (1)&quot;}\">\u2013 Understanding SharePoint Lists<br \/>\n\u2013 Design SharePoint Lists User Interface<br \/>\n\u2013 Formula basics &amp; usage (1)<\/td>\n<\/tr>\n<tr>\n<td data-sheets-value=\"{&quot;1&quot;:3,&quot;3&quot;:44959}\" data-sheets-numberformat=\"{&quot;1&quot;:5,&quot;2&quot;:&quot;d.m&quot;,&quot;3&quot;:1}\">2.2<\/td>\n<td data-sheets-value=\"{&quot;1&quot;:2,&quot;2&quot;:&quot;Hands-on Exercise&quot;}\">B\u00e0i t\u1eadp th\u1ef1c h\u00e0nh<\/td>\n<td data-sheets-value=\"{&quot;1&quot;:2,&quot;2&quot;:&quot;Exercise: Creating and adding data to SharePoint lists through apps&quot;}\"><em><strong>B\u00e0i t\u1eadp 2: T\u1ea1o v\u00e0 th\u00eam d\u1eef li\u1ec7u v\u00e0o danh s\u00e1ch SharePoint th\u00f4ng qua \u1ee9ng d\u1ee5ng<\/strong><\/em><\/td>\n<\/tr>\n<tr>\n<td colspan=\"1\" rowspan=\"2\" data-sheets-value=\"{&quot;1&quot;:3,&quot;3&quot;:3}\">\n<div><strong>#3<\/strong><\/div>\n<\/td>\n<td data-sheets-value=\"{&quot;1&quot;:3,&quot;3&quot;:44929}\" data-sheets-numberformat=\"{&quot;1&quot;:5,&quot;2&quot;:&quot;d.m&quot;,&quot;3&quot;:1}\">3.1<\/td>\n<td data-sheets-value=\"{&quot;1&quot;:2,&quot;2&quot;:&quot;Variables in PowerApps&quot;}\">C\u00e1c bi\u1ebfn trong PowerApps<\/td>\n<td data-sheets-value=\"{&quot;1&quot;:2,&quot;2&quot;:&quot;- Variable fundamentals &amp; creation\\n-Implement variables into Power Apps Workflows&quot;}\">\u2013 Variable fundamentals &amp; creation<br \/>\n\u2013 Implement variables into Power Apps Workflows<\/td>\n<\/tr>\n<tr>\n<td data-sheets-value=\"{&quot;1&quot;:3,&quot;3&quot;:44960}\" data-sheets-numberformat=\"{&quot;1&quot;:5,&quot;2&quot;:&quot;d.m&quot;,&quot;3&quot;:1}\">3.2<\/td>\n<td data-sheets-value=\"{&quot;1&quot;:2,&quot;2&quot;:&quot;Formulas in PowerApps (Part 1)&quot;}\">C\u00e1c c\u00f4ng th\u1ee9c trong PowerApps (Ph\u1ea7n 1)<\/td>\n<td data-sheets-value=\"{&quot;1&quot;:2,&quot;2&quot;:&quot;- Formula basics &amp; usage (2)\\n- Apply essential formulas in Power Apps to enhance app functionalities\\nExercise: Create a document approval workflow app&quot;}\" data-sheets-textstyleruns=\"{&quot;1&quot;:0}\uee10{&quot;1&quot;:101,&quot;2&quot;:{&quot;5&quot;:1,&quot;6&quot;:1}}\">\u2013 Formula basics &amp; usage (2)<br \/>\n\u2013 Apply essential formulas in Power Apps to enhance app functionalities<br \/>\n<em><strong>B\u00e0i t\u1eadp 3: T\u1ea1o \u1ee9ng d\u1ee5ng quy tr\u00ecnh ph\u00ea duy\u1ec7t t\u00e0i li\u1ec7u<\/strong><\/em><\/td>\n<\/tr>\n<tr>\n<td colspan=\"1\" rowspan=\"3\" data-sheets-value=\"{&quot;1&quot;:3,&quot;3&quot;:4}\">\n<div><strong>#4<\/strong><\/div>\n<\/td>\n<td data-sheets-value=\"{&quot;1&quot;:3,&quot;3&quot;:44930}\" data-sheets-numberformat=\"{&quot;1&quot;:5,&quot;2&quot;:&quot;d.m&quot;,&quot;3&quot;:1}\">4.1<\/td>\n<td data-sheets-value=\"{&quot;1&quot;:2,&quot;2&quot;:&quot;Power Apps Components&quot;}\">Th\u00e0nh ph\u1ea7n Power Apps<\/td>\n<td data-sheets-value=\"{&quot;1&quot;:2,&quot;2&quot;:&quot;- Component creation &amp; benefits\\n- Create and leverage components in Power Apps&quot;}\">\u2013 Component creation &amp; benefits<br \/>\n\u2013 Create and leverage components in Power Apps<\/td>\n<\/tr>\n<tr>\n<td data-sheets-value=\"{&quot;1&quot;:3,&quot;3&quot;:44961}\" data-sheets-numberformat=\"{&quot;1&quot;:5,&quot;2&quot;:&quot;d.m&quot;,&quot;3&quot;:1}\">4.2<\/td>\n<td data-sheets-value=\"{&quot;1&quot;:2,&quot;2&quot;:&quot;App Management &amp; Solutions&quot;}\">Qu\u1ea3n l\u00fd \u1ee9ng d\u1ee5ng &amp; gi\u1ea3i ph\u00e1p<\/td>\n<td data-sheets-value=\"{&quot;1&quot;:2,&quot;2&quot;:&quot;- Power App management strategies \\n- Creating and deploying Power Apps Solutions\\n- Managing and deploying Power Apps&quot;}\">\u2013 Power App management strategies<br \/>\n\u2013 Creating and deploying Power Apps Solutions<br \/>\n\u2013 Managing and deploying Power Apps<\/td>\n<\/tr>\n<tr>\n<td data-sheets-value=\"{&quot;1&quot;:3,&quot;3&quot;:44989}\" data-sheets-numberformat=\"{&quot;1&quot;:5,&quot;2&quot;:&quot;d.m&quot;,&quot;3&quot;:1}\">4.3<\/td>\n<td data-sheets-value=\"{&quot;1&quot;:2,&quot;2&quot;:&quot;Business Cases + Q&amp;A&quot;}\">Tr\u01b0\u1eddng h\u1ee3p kinh doanh + H\u1ecfi \u0111\u00e1p<\/td>\n<td data-sheets-value=\"{&quot;1&quot;:2,&quot;2&quot;:&quot;- Discussing real-world Power Apps applications \\n- Questions &amp; discussion\\n- Share relevant business cases for Power Apps&quot;}\">\u2013 Discussing real-world Power Apps applications<br \/>\n\u2013 Questions &amp; discussion<br \/>\n\u2013 Share relevant business cases for Power Apps<\/td>\n<\/tr>\n<\/tbody>\n<\/table>\n<div class=\"elementor-element elementor-element-4a165d0 elementor-widget elementor-widget-heading\" data-id=\"4a165d0\" data-element_type=\"widget\" data-widget_type=\"heading.default\">\n<div class=\"elementor-widget-container\"><\/div>\n<\/div>\n<div class=\"elementor-element elementor-element-656c0c8 elementor-widget elementor-widget-text-editor\" data-id=\"656c0c8\" data-element_type=\"widget\" data-widget_type=\"text-editor.default\">\n<div class=\"elementor-widget-container\">\n<p>&nbsp;<\/p>\n<\/div>\n<\/div>","protected":false},"excerpt":{"rendered":"<p>Kh\u00f3a h\u1ecdc kh\u00f4ng ch\u1ec9 d\u00e0nh ri\u00eang cho k\u1ebf to\u00e1n vi\u00ean, nh\u00e0 ph\u00e2n t\u00edch kinh doanh, nh\u00e0 ph\u00e2n t\u00edch d\u1eef li\u1ec7u, chuy\u00ean vi\u00ean IT, h\u1ed7 tr\u1ee3 IT m\u00e0 c\u00f2n ph\u00f9 h\u1ee3p v\u1edbi b\u1ea5t k\u1ef3 ai quan t\u00e2m v\u00e0 \u0111am m\u00ea kh\u00e1m ph\u00e1 t\u1ef1 \u0111\u1ed9ng h\u00f3a quy tr\u00ecnh v\u00e0 ph\u00e2n t\u00edch d\u1eef li\u1ec7u (bao g\u1ed3m c\u1ea3 sinh vi\u00ean kinh t\u1ebf v\u00e0 c\u00f4ng ngh\u1ec7 mu\u1ed1n trang b\u1ecb ki\u1ebfn th\u1ee9c th\u1ef1c ti\u1ec5n cho s\u1ef1 nghi\u1ec7p t\u01b0\u01a1ng lai).<\/p>","protected":false},"featured_media":2626,"comment_status":"open","ping_status":"closed","template":"","meta":{"om_disable_all_campaigns":false,"_monsterinsights_skip_tracking":false,"_monsterinsights_sitenote_active":false,"_monsterinsights_sitenote_note":"","_monsterinsights_sitenote_category":0,"site-sidebar-layout":"default","site-content-layout":"","ast-site-content-layout":"default","site-content-style":"default","site-sidebar-style":"default","ast-global-header-display":"","ast-banner-title-visibility":"","ast-main-header-display":"","ast-hfb-above-header-display":"","ast-hfb-below-header-display":"","ast-hfb-mobile-header-display":"","site-post-title":"","ast-breadcrumbs-content":"","ast-featured-img":"","footer-sml-layout":"","theme-transparent-header-meta":"disabled","adv-header-id-meta":"","stick-header-meta":"","header-above-stick-meta":"","header-main-stick-meta":"","header-below-stick-meta":"","astra-migrate-meta-layouts":"set","ast-page-background-enabled":"default","ast-page-background-meta":{"desktop":{"background-color":"","background-image":"","background-repeat":"repeat","background-position":"center center","background-size":"auto","background-attachment":"scroll","background-type":"","background-media":"","overlay-type":"","overlay-color":"","overlay-opacity":"","overlay-gradient":""},"tablet":{"background-color":"","background-image":"","background-repeat":"repeat","background-position":"center center","background-size":"auto","background-attachment":"scroll","background-type":"","background-media":"","overlay-type":"","overlay-color":"","overlay-opacity":"","overlay-gradient":""},"mobile":{"background-color":"","background-image":"","background-repeat":"repeat","background-position":"center center","background-size":"auto","background-attachment":"scroll","background-type":"","background-media":"","overlay-type":"","overlay-color":"","overlay-opacity":"","overlay-gradient":""}},"ast-content-background-meta":{"desktop":{"background-color":"var(--ast-global-color-5)","background-image":"","background-repeat":"repeat","background-position":"center center","background-size":"auto","background-attachment":"scroll","background-type":"","background-media":"","overlay-type":"","overlay-color":"","overlay-opacity":"","overlay-gradient":""},"tablet":{"background-color":"var(--ast-global-color-5)","background-image":"","background-repeat":"repeat","background-position":"center center","background-size":"auto","background-attachment":"scroll","background-type":"","background-media":"","overlay-type":"","overlay-color":"","overlay-opacity":"","overlay-gradient":""},"mobile":{"background-color":"var(--ast-global-color-5)","background-image":"","background-repeat":"repeat","background-position":"center center","background-size":"auto","background-attachment":"scroll","background-type":"","background-media":"","overlay-type":"","overlay-color":"","overlay-opacity":"","overlay-gradient":""}}},"product_brand":[],"product_cat":[98],"product_tag":[129,110,131],"class_list":{"0":"post-2627","1":"product","2":"type-product","3":"status-publish","4":"has-post-thumbnail","6":"product_cat-instructor-led-training","7":"product_tag-consultanttraining","8":"product_tag-p02","9":"product_tag-rpa","10":"desktop-align-left","11":"tablet-align-left","12":"mobile-align-left","14":"first","15":"instock","16":"taxable","17":"shipping-taxable","18":"purchasable","19":"product-type-simple"},"_links":{"self":[{"href":"https:\/\/ngig.edu.vn\/vi\/wp-json\/wp\/v2\/product\/2627","targetHints":{"allow":["GET"]}}],"collection":[{"href":"https:\/\/ngig.edu.vn\/vi\/wp-json\/wp\/v2\/product"}],"about":[{"href":"https:\/\/ngig.edu.vn\/vi\/wp-json\/wp\/v2\/types\/product"}],"replies":[{"embeddable":true,"href":"https:\/\/ngig.edu.vn\/vi\/wp-json\/wp\/v2\/comments?post=2627"}],"wp:featuredmedia":[{"embeddable":true,"href":"https:\/\/ngig.edu.vn\/vi\/wp-json\/wp\/v2\/media\/2626"}],"wp:attachment":[{"href":"https:\/\/ngig.edu.vn\/vi\/wp-json\/wp\/v2\/media?parent=2627"}],"wp:term":[{"taxonomy":"product_brand","embeddable":true,"href":"https:\/\/ngig.edu.vn\/vi\/wp-json\/wp\/v2\/product_brand?post=2627"},{"taxonomy":"product_cat","embeddable":true,"href":"https:\/\/ngig.edu.vn\/vi\/wp-json\/wp\/v2\/product_cat?post=2627"},{"taxonomy":"product_tag","embeddable":true,"href":"https:\/\/ngig.edu.vn\/vi\/wp-json\/wp\/v2\/product_tag?post=2627"}],"curies":[{"name":"wp","href":"https:\/\/api.w.org\/{rel}","templated":true}]}}