{"id":2611,"date":"2024-08-08T18:00:22","date_gmt":"2024-08-08T11:00:22","guid":{"rendered":"https:\/\/ngig.edu.vn\/?post_type=product&#038;p=2611"},"modified":"2025-06-06T14:24:39","modified_gmt":"2025-06-06T07:24:39","slug":"ha200-sap-hana-administration-sap-consultant-training","status":"publish","type":"product","link":"https:\/\/ngig.edu.vn\/vi\/san-pham\/ha200-sap-hana-administration-sap-consultant-training\/","title":{"rendered":"HA200 &#8211; SAP HANA Installing and Administering, SAP Consultant Training"},"content":{"rendered":"<p>Ch\u01b0\u01a1ng tr\u00ecnh \u0111\u00e0o t\u1ea1o\u00a0<strong>\u201cSAP Consultant Training with NGIG\u201d<\/strong>\u00a0\u0111\u01b0\u1ee3c t\u1ed5 ch\u1ee9c b\u1edfi trung t\u00e2m \u0111\u00e0o t\u1ea1o SAP NGIG (<a href=\"https:\/\/ngig.edu.vn\/vi\/\">ngig.edu.vn)<\/a>, \u0111\u1ed1i t\u00e1c<a href=\"https:\/\/pf-prod-sapit-partner-prod.cfapps.eu10.hana.ondemand.com\/profile\/0002942676\" target=\"_blank\" rel=\"noopener\">\u00a0SAP Authorized Training Partner<\/a>\u00a0\u0110\u00e0o t\u1ea1o v\u00e0 \u00c1p d\u1ee5ng SAP<a href=\"http:\/\/bilab.uel.edu.vn\/\" target=\"_blank\" rel=\"noopener\">\u00a0BI Lab &amp; SAP Next-Gen Center<\/a>\u00a0(\u0110\u1ea1i h\u1ecdc Kinh t\u1ebf - Lu\u1eadt)<\/p>\n<p><strong>T\u1ea1i sao b\u1ea1n n\u00ean tham gia?<\/strong><\/p>\n<ul>\n<li>With the purpose of training consultants with high professional capabilities to participate in projects to deploy, operate and maintain the SAP S\/4HANA system, the course is designed with program <b>SAP Technical Consultant<\/b><b>,<\/b><b>\u00a0<\/b>each program includes many optional topics.<\/li>\n<li>After topic, students are guided to take a global certification in the <a href=\"https:\/\/learning.sap.com\/get-certified\" target=\"_blank\" rel=\"noopener\">Ch\u1ee9ng ch\u1ec9 To\u00e0n c\u1ea7u SAP<\/a>\u00a0bao g\u1ed3m danh m\u1ee5c h\u1ec7 th\u1ed1ng ch\u1ee9ng ch\u1ec9 \u0111\u01b0\u1ee3c c\u00f4ng nh\u1eadn qu\u1ed1c t\u1ebf.<\/li>\n<\/ul>\n<div>\n<p><strong>Overview<\/strong><\/p>\n<p>After completing this learning journey, you as an SAP HANA database administrators will be able to install, upgrade, configure, monitor, and operate an SAP HANA database system. You will be able to use the SAP HANA administration tools like SAP HANA cockpit, database explorer, and hdbsql to perform the daily system administration tasks on the SAP HANA database system.<\/p>\n<p><strong>Learning objectives<\/strong><\/p>\n<ul>\n<li>Install, update, and configure SAP HANA.<\/li>\n<li>Install, update, and configure SAP HANA Cockpit.<\/li>\n<li>Use SAP HANA Cockpit and SAP HANA database explorer.<\/li>\n<li>Use the hdblcm and hdbsql command line tools.<\/li>\n<li>Perform administration tasks on the SAP HANA database system.<\/li>\n<\/ul>\n<p><strong>Level<\/strong><\/p>\n<ul>\n<li>Intermediate<\/li>\n<\/ul>\n<\/div>\n<p><strong>\u0110\u1ed1i t\u01b0\u1ee3ng m\u1ee5c ti\u00eau<\/strong><\/p>\n<p>Consultant, Administrator, Support Consultant<\/p>\n<p class=\"elementor-heading-title elementor-size-default\"><strong>L\u1ee3i \u00edch mang l\u1ea1i cho h\u1ecdc vi\u00ean<\/strong><\/p>\n<ul>\n<li data-sourcepos=\"1:1-1:168\"><strong>Ch\u1ee9ng nh\u1eadn To\u00e0n c\u1ea7u SAP:<\/strong>\u00a0Drive your career growth with SAP Certification<\/li>\n<li data-sourcepos=\"1:1-1:168\"><strong>D\u1eabn \u0111\u1ea7u xu th\u1ebf:<\/strong>\u00a0Trang b\u1ecb cho b\u1ea3n th\u00e2n ki\u1ebfn th\u1ee9c c\u1eadp nh\u1eadt v\u1ec1 SAP, m\u1edf ra c\u01a1 h\u1ed9i ngh\u1ec1 nghi\u1ec7p m\u1edbi.<\/li>\n<li data-sourcepos=\"23:1-23:116\"><strong>H\u01b0\u1edbng d\u1eabn chuy\u00ean gia<\/strong>\u00a0H\u1ecdc h\u1ecfi t\u1eeb nh\u1eefng chuy\u00ean gia h\u00e0ng \u0111\u1ea7u v\u00e0 t\u00edch l\u0169y kinh nghi\u1ec7m th\u1ef1c ti\u1ec5n qu\u00fd b\u00e1u.<\/li>\n<li data-sourcepos=\"22:1-22:103\"><strong>M\u00f4 h\u00ecnh h\u1ecdc t\u1eadp t\u01b0\u01a1ng t\u00e1c:<\/strong>\u00a0B\u00e0i t\u1eadp th\u1ef1c h\u00e0nh SAP chuy\u00ean s\u00e2u v\u00e0 b\u00e1m s\u00e1t th\u1ef1c t\u1ebf \u0111\u1ec3 c\u1ee7ng c\u1ed1 ki\u1ebfn th\u1ee9c.<\/li>\n<li data-sourcepos=\"7:1-7:202\"><strong>T\u01b0 v\u1ea5n chuy\u00ean s\u00e2u:<\/strong>\u00a0Th\u1ea3o lu\u1eadn v\u1ec1 d\u1ef1 \u00e1n v\u00e0 c\u01a1 h\u1ed9i ngh\u1ec1 nghi\u1ec7p t\u01b0\u01a1ng lai v\u1edbi c\u00e1c chuy\u00ean gia \u0111\u00e3 tri\u1ec3n khai th\u00e0nh c\u00f4ng SAP cho c\u00e1c t\u1eadp \u0111o\u00e0n \u0111a qu\u1ed1c gia tr\u00ean to\u00e0n th\u1ebf gi\u1edbi.<\/li>\n<li data-sourcepos=\"24:1-24:108\"><strong>M\u00f4i tr\u01b0\u1eddng h\u1ee3p t\u00e1c:<\/strong>\u00a0Chia s\u1ebb \u00fd t\u01b0\u1edfng, k\u1ebft n\u1ed1i v\u1edbi \u0111\u1ed3ng nghi\u1ec7p v\u00e0 kh\u00e1m ph\u00e1 nh\u1eefng ph\u01b0\u01a1ng ph\u00e1p t\u1ef1 \u0111\u1ed9ng h\u00f3a m\u1edbi.<\/li>\n<li data-sourcepos=\"11:1-11:141\"><strong>Ch\u1ee9ng ch\u1ec9 ho\u00e0n th\u00e0nh kh\u00f3a h\u1ecdc:<\/strong>\u00a0\u0110\u01b0\u1ee3c c\u1ea5p ch\u1ee9ng ch\u1ec9 ho\u00e0n th\u00e0nh kh\u00f3a h\u1ecdc b\u1edfi Vi\u1ec7n NGIG v\u00e0 Trung t\u00e2m Bi-Lab, \u0110\u1ea1i h\u1ecdc Kinh t\u1ebf Lu\u1eadt.<\/li>\n<\/ul>\n<p class=\"elementor-heading-title elementor-size-default\"><strong>Thi\u1ebft k\u1ebf kh\u00f3a h\u1ecdc<\/strong><\/p>\n<ul>\n<li>Course has a total study duration of 8 weeks with 3 classes per week (total 24 sessions).<\/li>\n<li>\"Kh\u00f3a h\u1ecdc \u0111\u01b0\u1ee3c t\u1ed5 ch\u1ee9c tr\u1ef1c tuy\u1ebfn v\u00e0 k\u1ebft h\u1ee3p tr\u1ef1c ti\u1ebfp.\"<\/li>\n<\/ul>\n<div class=\"elementor-element elementor-element-4a165d0 elementor-widget elementor-widget-heading\" data-id=\"4a165d0\" data-element_type=\"widget\" data-widget_type=\"heading.default\">\n<div class=\"elementor-widget-container\">\n<table dir=\"ltr\" border=\"1\" cellspacing=\"0\" cellpadding=\"0\" data-sheets-root=\"1\">\n<tbody>\n<tr>\n<td data-sheets-value=\"{&quot;1&quot;:2,&quot;2&quot;:&quot;Program&quot;}\"><strong>Ch\u01b0\u01a1ng tr\u00ecnh<\/strong><\/td>\n<td data-sheets-value=\"{&quot;1&quot;:2,&quot;2&quot;:&quot;Code&quot;}\"><strong>Kh\u00f3a<\/strong><\/td>\n<td data-sheets-value=\"{&quot;1&quot;:2,&quot;2&quot;:&quot;Topic&quot;}\"><strong>Ch\u1ee7 \u0111\u1ec1<\/strong><\/td>\n<td data-sheets-value=\"{&quot;1&quot;:2,&quot;2&quot;:&quot;Duration (session)&quot;}\"><strong>Th\u1eddi l\u01b0\u1ee3ng (bu\u1ed5i h\u1ecdc)<\/strong><\/td>\n<td data-sheets-value=\"{&quot;1&quot;:2,&quot;2&quot;:&quot;SAP Certification&quot;}\"><strong>Thi Ch\u1ee9ng ch\u1ec9 SAP<\/strong><\/td>\n<td data-sheets-value=\"{&quot;1&quot;:2,&quot;2&quot;:&quot;Prerequisites&quot;}\"><strong>Y\u00eau c\u1ea7u c\u1ea7n thi\u1ebft<\/strong><\/td>\n<\/tr>\n<tr>\n<td colspan=\"1\" rowspan=\"3\" data-sheets-value=\"{&quot;1&quot;:2,&quot;2&quot;:&quot;SAP Finance Consultant (NG01)&quot;}\"><strong>SAP Technical Consultant (NG03)<\/strong><\/td>\n<td data-sheets-value=\"{&quot;1&quot;:2,&quot;2&quot;:&quot;S4H00&quot;}\">\n<table dir=\"ltr\" border=\"1\" cellspacing=\"0\" cellpadding=\"0\" data-sheets-root=\"1\">\n<tbody>\n<tr>\n<td data-sheets-value=\"{&quot;1&quot;:2,&quot;2&quot;:&quot;HA200&quot;}\">HA200<\/td>\n<\/tr>\n<\/tbody>\n<\/table>\n<\/td>\n<td data-sheets-value=\"{&quot;1&quot;:2,&quot;2&quot;:&quot;S\/4HANA Overview&quot;}\" data-sheets-hyperlink=\"https:\/\/help.sap.com\/learning-journeys\/500c836e7a261014a62bed2bad9ef0fa\"><a class=\"in-cell-link\" href=\"https:\/\/help.sap.com\/learning-journeys\/5008e8b27a261014bd56ce175a84c66b\" target=\"_blank\" rel=\"noopener\">Database Administration \u2013 SAP HANA<\/a><\/td>\n<td data-sheets-value=\"{&quot;1&quot;:3,&quot;3&quot;:6}\">24<\/td>\n<td data-sheets-value=\"{&quot;1&quot;:2,&quot;2&quot;:&quot;TS410&quot;}\" data-sheets-hyperlink=\"https:\/\/learning.sap.com\/certifications\/sap-certified-application-associate-business-process-integration-with-sap-s-4hana-2022\"><a href=\"https:\/\/learning.sap.com\/certifications\/sap-certified-associate-database-administrator-sap-hana?url_id=text-gl-hp\" target=\"_blank\" rel=\"noopener\">C_DBADM<\/a><\/td>\n<td data-sheets-value=\"{&quot;1&quot;:2,&quot;2&quot;:&quot;Basic knowledge of business processes in enterprise planning and management&quot;}\">C\u00f3 m\u1ed9t s\u1ed1 kinh nghi\u1ec7m s\u1eed d\u1ee5ng h\u1ec7 \u0111i\u1ec1u h\u00e0nh Linux.<br \/>\nC\u00f3 m\u1ed9t s\u1ed1 kinh nghi\u1ec7m qu\u1ea3n tr\u1ecb c\u01a1 s\u1edf d\u1eef li\u1ec7u.<\/td>\n<\/tr>\n<\/tbody>\n<\/table>\n<p class=\"elementor-heading-title elementor-size-default\"><strong>T\u00e0i li\u1ec7u h\u1ecdc t\u1eadp<\/strong><\/p>\n<\/div>\n<\/div>\n<div class=\"elementor-element elementor-element-656c0c8 elementor-widget elementor-widget-text-editor\" data-id=\"656c0c8\" data-element_type=\"widget\" data-widget_type=\"text-editor.default\">\n<div class=\"elementor-widget-container\">\n<p>To participate in the course, each student needs to have 01\u00a0SAP Learning Hub account\u00a0provided by NGIG under SAP authorization. The account is valid for one year from the date of activation, and can be used to learn all SAP content.<\/p>\n<\/div>\n<\/div>","protected":false},"excerpt":{"rendered":"<ul>\n<li>The SAP HANA Administration courses is suitable for students who are university students and students with majors in Economics, Business, Management, Logistics, Finance, Human Resources, Construction, and Production, Computer Science and Information Technology; And alumni and working people who are preparing to start working or want to improve their capacity in the field of ERP Consulting with SAP software.<\/li>\n<li>The course has a total study duration of 8 weeks with 3 classes per week (total 24 sessions).<\/li>\n<\/ul>","protected":false},"featured_media":2623,"comment_status":"open","ping_status":"closed","template":"","meta":{"om_disable_all_campaigns":false,"_monsterinsights_skip_tracking":false,"_monsterinsights_sitenote_active":false,"_monsterinsights_sitenote_note":"","_monsterinsights_sitenote_category":0,"site-sidebar-layout":"default","site-content-layout":"","ast-site-content-layout":"default","site-content-style":"default","site-sidebar-style":"default","ast-global-header-display":"","ast-banner-title-visibility":"","ast-main-header-display":"","ast-hfb-above-header-display":"","ast-hfb-below-header-display":"","ast-hfb-mobile-header-display":"","site-post-title":"","ast-breadcrumbs-content":"","ast-featured-img":"","footer-sml-layout":"","theme-transparent-header-meta":"disabled","adv-header-id-meta":"","stick-header-meta":"","header-above-stick-meta":"","header-main-stick-meta":"","header-below-stick-meta":"","astra-migrate-meta-layouts":"set","ast-page-background-enabled":"default","ast-page-background-meta":{"desktop":{"background-color":"","background-image":"","background-repeat":"repeat","background-position":"center center","background-size":"auto","background-attachment":"scroll","background-type":"","background-media":"","overlay-type":"","overlay-color":"","overlay-opacity":"","overlay-gradient":""},"tablet":{"background-color":"","background-image":"","background-repeat":"repeat","background-position":"center center","background-size":"auto","background-attachment":"scroll","background-type":"","background-media":"","overlay-type":"","overlay-color":"","overlay-opacity":"","overlay-gradient":""},"mobile":{"background-color":"","background-image":"","background-repeat":"repeat","background-position":"center center","background-size":"auto","background-attachment":"scroll","background-type":"","background-media":"","overlay-type":"","overlay-color":"","overlay-opacity":"","overlay-gradient":""}},"ast-content-background-meta":{"desktop":{"background-color":"var(--ast-global-color-5)","background-image":"","background-repeat":"repeat","background-position":"center center","background-size":"auto","background-attachment":"scroll","background-type":"","background-media":"","overlay-type":"","overlay-color":"","overlay-opacity":"","overlay-gradient":""},"tablet":{"background-color":"var(--ast-global-color-5)","background-image":"","background-repeat":"repeat","background-position":"center center","background-size":"auto","background-attachment":"scroll","background-type":"","background-media":"","overlay-type":"","overlay-color":"","overlay-opacity":"","overlay-gradient":""},"mobile":{"background-color":"var(--ast-global-color-5)","background-image":"","background-repeat":"repeat","background-position":"center center","background-size":"auto","background-attachment":"scroll","background-type":"","background-media":"","overlay-type":"","overlay-color":"","overlay-opacity":"","overlay-gradient":""}}},"product_brand":[],"product_cat":[98],"product_tag":[129,108,134],"class_list":{"0":"post-2611","1":"product","2":"type-product","3":"status-publish","4":"has-post-thumbnail","6":"product_cat-instructor-led-training","7":"product_tag-consultanttraining","8":"product_tag-ha200","9":"product_tag-sapbasis","10":"desktop-align-left","11":"tablet-align-left","12":"mobile-align-left","14":"first","15":"instock","16":"taxable","17":"shipping-taxable","18":"purchasable","19":"product-type-simple"},"_links":{"self":[{"href":"https:\/\/ngig.edu.vn\/vi\/wp-json\/wp\/v2\/product\/2611","targetHints":{"allow":["GET"]}}],"collection":[{"href":"https:\/\/ngig.edu.vn\/vi\/wp-json\/wp\/v2\/product"}],"about":[{"href":"https:\/\/ngig.edu.vn\/vi\/wp-json\/wp\/v2\/types\/product"}],"replies":[{"embeddable":true,"href":"https:\/\/ngig.edu.vn\/vi\/wp-json\/wp\/v2\/comments?post=2611"}],"wp:featuredmedia":[{"embeddable":true,"href":"https:\/\/ngig.edu.vn\/vi\/wp-json\/wp\/v2\/media\/2623"}],"wp:attachment":[{"href":"https:\/\/ngig.edu.vn\/vi\/wp-json\/wp\/v2\/media?parent=2611"}],"wp:term":[{"taxonomy":"product_brand","embeddable":true,"href":"https:\/\/ngig.edu.vn\/vi\/wp-json\/wp\/v2\/product_brand?post=2611"},{"taxonomy":"product_cat","embeddable":true,"href":"https:\/\/ngig.edu.vn\/vi\/wp-json\/wp\/v2\/product_cat?post=2611"},{"taxonomy":"product_tag","embeddable":true,"href":"https:\/\/ngig.edu.vn\/vi\/wp-json\/wp\/v2\/product_tag?post=2611"}],"curies":[{"name":"wp","href":"https:\/\/api.w.org\/{rel}","templated":true}]}}