{"id":2605,"date":"2024-08-08T16:45:22","date_gmt":"2024-08-08T09:45:22","guid":{"rendered":"https:\/\/ngig.edu.vn\/?post_type=product&#038;p=2605"},"modified":"2024-11-01T16:13:40","modified_gmt":"2024-11-01T09:13:40","slug":"ts422-sap-production-planning-and-manufacturing-in-sap-s-4hana-sap-consultant-training-copy","status":"publish","type":"product","link":"https:\/\/ngig.edu.vn\/vi\/san-pham\/ts422-sap-production-planning-and-manufacturing-in-sap-s-4hana-sap-consultant-training-copy\/","title":{"rendered":"TS422 &#8211; Production Planning and Manufacturing in SAP S\/4HANA, SAP Consultant Training"},"content":{"rendered":"<p>Ch\u01b0\u01a1ng tr\u00ecnh \u0111\u00e0o t\u1ea1o\u00a0<strong>\u201cSAP Consultant Training with NGIG\u201d<\/strong>\u00a0\u0111\u01b0\u1ee3c t\u1ed5 ch\u1ee9c b\u1edfi trung t\u00e2m \u0111\u00e0o t\u1ea1o SAP NGIG (<a href=\"https:\/\/ngig.edu.vn\/vi\/\">ngig.edu.vn)<\/a>, \u0111\u1ed1i t\u00e1c<a href=\"https:\/\/pf-prod-sapit-partner-prod.cfapps.eu10.hana.ondemand.com\/profile\/0002942676\" target=\"_blank\" rel=\"noopener\">\u00a0SAP Authorized Training Partner<\/a>\u00a0\u0110\u00e0o t\u1ea1o v\u00e0 \u00c1p d\u1ee5ng SAP<a href=\"http:\/\/bilab.uel.edu.vn\/\" target=\"_blank\" rel=\"noopener\">\u00a0BI Lab &amp; SAP Next-Gen Center<\/a>\u00a0(\u0110\u1ea1i h\u1ecdc Kinh t\u1ebf - Lu\u1eadt)<\/p>\n<p><strong>T\u1ea1i sao b\u1ea1n n\u00ean tham gia?<\/strong><\/p>\n<ul>\n<li>With the purpose of training consultants with high professional capabilities to participate in projects to deploy, operate and maintain the SAP S\/4HANA system, the course is designed with program <b>SAP Logistics (SCM) Consultant,<\/b><b>\u00a0<\/b>each program includes many optional topics.<\/li>\n<li>After topic, students are guided to take a global certification in the <a href=\"https:\/\/learning.sap.com\/get-certified\" target=\"_blank\" rel=\"noopener\">Ch\u1ee9ng ch\u1ec9 To\u00e0n c\u1ea7u SAP<\/a>\u00a0bao g\u1ed3m danh m\u1ee5c h\u1ec7 th\u1ed1ng ch\u1ee9ng ch\u1ec9 \u0111\u01b0\u1ee3c c\u00f4ng nh\u1eadn qu\u1ed1c t\u1ebf.<\/li>\n<\/ul>\n<p><strong>\u0110\u1ed1i t\u01b0\u1ee3ng m\u1ee5c ti\u00eau<\/strong><\/p>\n<p>Kh\u00f3a h\u1ecdc ph\u00f9 h\u1ee3p v\u1edbi sinh vi\u00ean \u0111\u1ea1i h\u1ecdc v\u00e0 sinh vi\u00ean c\u00e1c chuy\u00ean ng\u00e0nh Kinh t\u1ebf, Kinh doanh, Qu\u1ea3n tr\u1ecb, Logistics, T\u00e0i ch\u00ednh, Nh\u00e2n s\u1ef1, X\u00e2y d\u1ef1ng, S\u1ea3n xu\u1ea5t, C\u00f4ng ngh\u1ec7 th\u00f4ng tin; V\u00e0 c\u1ef1u sinh vi\u00ean c\u0169ng nh\u01b0 ng\u01b0\u1eddi \u0111ang \u0111i l\u00e0m chu\u1ea9n b\u1ecb b\u01b0\u1edbc v\u00e0o c\u00f4ng vi\u1ec7c ho\u1eb7c mu\u1ed1n n\u00e2ng cao n\u0103ng l\u1ef1c trong l\u0129nh v\u1ef1c T\u01b0 v\u1ea5n ERP v\u1edbi ph\u1ea7n m\u1ec1m SAP.<\/p>\n<p class=\"elementor-heading-title elementor-size-default\"><strong>L\u1ee3i \u00edch mang l\u1ea1i cho h\u1ecdc vi\u00ean<\/strong><\/p>\n<ul>\n<li data-sourcepos=\"1:1-1:168\"><strong>Ch\u1ee9ng nh\u1eadn To\u00e0n c\u1ea7u SAP:<\/strong>\u00a0Drive your career growth with SAP Certification<\/li>\n<li data-sourcepos=\"1:1-1:168\"><strong>D\u1eabn \u0111\u1ea7u xu th\u1ebf:<\/strong>\u00a0Trang b\u1ecb cho b\u1ea3n th\u00e2n ki\u1ebfn th\u1ee9c c\u1eadp nh\u1eadt v\u1ec1 SAP, m\u1edf ra c\u01a1 h\u1ed9i ngh\u1ec1 nghi\u1ec7p m\u1edbi.<\/li>\n<li data-sourcepos=\"23:1-23:116\"><strong>H\u01b0\u1edbng d\u1eabn chuy\u00ean gia<\/strong>\u00a0H\u1ecdc h\u1ecfi t\u1eeb nh\u1eefng chuy\u00ean gia h\u00e0ng \u0111\u1ea7u v\u00e0 t\u00edch l\u0169y kinh nghi\u1ec7m th\u1ef1c ti\u1ec5n qu\u00fd b\u00e1u.<\/li>\n<li data-sourcepos=\"22:1-22:103\"><strong>M\u00f4 h\u00ecnh h\u1ecdc t\u1eadp t\u01b0\u01a1ng t\u00e1c:<\/strong>\u00a0B\u00e0i t\u1eadp th\u1ef1c h\u00e0nh SAP chuy\u00ean s\u00e2u v\u00e0 b\u00e1m s\u00e1t th\u1ef1c t\u1ebf \u0111\u1ec3 c\u1ee7ng c\u1ed1 ki\u1ebfn th\u1ee9c.<\/li>\n<li data-sourcepos=\"7:1-7:202\"><strong>T\u01b0 v\u1ea5n chuy\u00ean s\u00e2u:<\/strong>\u00a0Th\u1ea3o lu\u1eadn v\u1ec1 d\u1ef1 \u00e1n v\u00e0 c\u01a1 h\u1ed9i ngh\u1ec1 nghi\u1ec7p t\u01b0\u01a1ng lai v\u1edbi c\u00e1c chuy\u00ean gia \u0111\u00e3 tri\u1ec3n khai th\u00e0nh c\u00f4ng SAP cho c\u00e1c t\u1eadp \u0111o\u00e0n \u0111a qu\u1ed1c gia tr\u00ean to\u00e0n th\u1ebf gi\u1edbi.<\/li>\n<li data-sourcepos=\"24:1-24:108\"><strong>M\u00f4i tr\u01b0\u1eddng h\u1ee3p t\u00e1c:<\/strong>\u00a0Chia s\u1ebb \u00fd t\u01b0\u1edfng, k\u1ebft n\u1ed1i v\u1edbi \u0111\u1ed3ng nghi\u1ec7p v\u00e0 kh\u00e1m ph\u00e1 nh\u1eefng ph\u01b0\u01a1ng ph\u00e1p t\u1ef1 \u0111\u1ed9ng h\u00f3a m\u1edbi.<\/li>\n<li data-sourcepos=\"11:1-11:141\"><strong>Ch\u1ee9ng ch\u1ec9 ho\u00e0n th\u00e0nh kh\u00f3a h\u1ecdc:<\/strong>\u00a0\u0110\u01b0\u1ee3c c\u1ea5p ch\u1ee9ng ch\u1ec9 ho\u00e0n th\u00e0nh kh\u00f3a h\u1ecdc b\u1edfi Vi\u1ec7n NGIG v\u00e0 Trung t\u00e2m Bi-Lab, \u0110\u1ea1i h\u1ecdc Kinh t\u1ebf Lu\u1eadt.<\/li>\n<\/ul>\n<p class=\"elementor-heading-title elementor-size-default\"><strong>Thi\u1ebft k\u1ebf kh\u00f3a h\u1ecdc<\/strong><\/p>\n<ul>\n<li>Course has a total study duration of 11 weeks with 3 classes per week (total 33 sessions).<\/li>\n<li>\"Kh\u00f3a h\u1ecdc \u0111\u01b0\u1ee3c t\u1ed5 ch\u1ee9c tr\u1ef1c tuy\u1ebfn v\u00e0 k\u1ebft h\u1ee3p tr\u1ef1c ti\u1ebfp.\"<\/li>\n<\/ul>\n<p><strong>Notes<\/strong><\/p>\n<div class=\"elementor-element elementor-element-4a165d0 elementor-widget elementor-widget-heading\" data-id=\"4a165d0\" data-element_type=\"widget\" data-widget_type=\"heading.default\">\n<div class=\"elementor-widget-container\">\n<table dir=\"ltr\" border=\"1\" cellspacing=\"0\" cellpadding=\"0\" data-sheets-root=\"1\">\n<tbody>\n<tr>\n<td data-sheets-value=\"{&quot;1&quot;:2,&quot;2&quot;:&quot;Program&quot;}\"><strong>Ch\u01b0\u01a1ng tr\u00ecnh<\/strong><\/td>\n<td data-sheets-value=\"{&quot;1&quot;:2,&quot;2&quot;:&quot;Code&quot;}\"><strong>Kh\u00f3a<\/strong><\/td>\n<td data-sheets-value=\"{&quot;1&quot;:2,&quot;2&quot;:&quot;Topic&quot;}\"><strong>Ch\u1ee7 \u0111\u1ec1<\/strong><\/td>\n<td data-sheets-value=\"{&quot;1&quot;:2,&quot;2&quot;:&quot;Duration (session)&quot;}\"><strong>Th\u1eddi l\u01b0\u1ee3ng (bu\u1ed5i h\u1ecdc)<\/strong><\/td>\n<td data-sheets-value=\"{&quot;1&quot;:2,&quot;2&quot;:&quot;SAP Certification&quot;}\"><strong>Thi Ch\u1ee9ng ch\u1ec9 SAP<\/strong><\/td>\n<td data-sheets-value=\"{&quot;1&quot;:2,&quot;2&quot;:&quot;Prerequisites&quot;}\"><strong>Y\u00eau c\u1ea7u c\u1ea7n thi\u1ebft<\/strong><\/td>\n<\/tr>\n<tr>\n<td colspan=\"1\" rowspan=\"3\" data-sheets-value=\"{&quot;1&quot;:2,&quot;2&quot;:&quot;SAP Finance Consultant (NG01)&quot;}\"><strong>SAP Logistics (SCM) Consultant (NG02)<\/strong><\/td>\n<td data-sheets-value=\"{&quot;1&quot;:2,&quot;2&quot;:&quot;S4H00&quot;}\">TS422<\/td>\n<td data-sheets-value=\"{&quot;1&quot;:2,&quot;2&quot;:&quot;S\/4HANA Overview&quot;}\" data-sheets-hyperlink=\"https:\/\/help.sap.com\/learning-journeys\/500c836e7a261014a62bed2bad9ef0fa\"><a class=\"in-cell-link\" href=\"https:\/\/help.sap.com\/learning-journeys\/50045cf87a2610148645b1d34f0027f8\" target=\"_blank\" rel=\"noopener\">Production Planning and Manufacturing in SAP S\/4HANA<\/a><\/td>\n<td data-sheets-value=\"{&quot;1&quot;:3,&quot;3&quot;:6}\">33<\/td>\n<td data-sheets-value=\"{&quot;1&quot;:2,&quot;2&quot;:&quot;TS410&quot;}\" data-sheets-hyperlink=\"https:\/\/learning.sap.com\/certifications\/sap-certified-application-associate-business-process-integration-with-sap-s-4hana-2022\"><a class=\"in-cell-link\" href=\"https:\/\/learning.sap.com\/certifications\/sap-certified-application-associate-sap-s-4hana-sourcing-and-procurement-2022\" target=\"_blank\" rel=\"noopener\">TS422<\/a><\/td>\n<td data-sheets-value=\"{&quot;1&quot;:2,&quot;2&quot;:&quot;Basic knowledge of business processes in enterprise planning and management&quot;}\">Ki\u1ebfn th\u1ee9c kinh doanh c\u01a1 b\u1ea3n v\u1ec1 quy tr\u00ecnh s\u1ea3n xu\u1ea5t (l\u1eadp k\u1ebf ho\u1ea1ch v\u00e0 th\u1ef1c hi\u1ec7n s\u1ea3n xu\u1ea5t).<\/td>\n<\/tr>\n<\/tbody>\n<\/table>\n<p class=\"elementor-heading-title elementor-size-default\"><strong>T\u00e0i li\u1ec7u h\u1ecdc t\u1eadp<\/strong><\/p>\n<\/div>\n<\/div>\n<div class=\"elementor-element elementor-element-656c0c8 elementor-widget elementor-widget-text-editor\" data-id=\"656c0c8\" data-element_type=\"widget\" data-widget_type=\"text-editor.default\">\n<div class=\"elementor-widget-container\">\n<p>To participate in the course, each student needs to have 01\u00a0SAP Learning Hub account\u00a0provided by NGIG under SAP authorization. The account is valid for one year from the date of activation, and can be used to learn all SAP content.<\/p>\n<\/div>\n<\/div>","protected":false},"excerpt":{"rendered":"<ul>\n<li>The Production Planning and Manufacturing in SAP S\/4HANA courses is suitable for students who are university students and students with majors in Economics, Business, Management, Logistics, Finance, Human Resources, Construction, and Production, Computer Science and Information Technology; And alumni and working people who are preparing to start working or want to improve their capacity in the field of ERP Consulting with SAP software.<\/li>\n<li>The course has a total study duration of 11 weeks with 3 classes per week (total 33 sessions).<\/li>\n<\/ul>","protected":false},"featured_media":2618,"comment_status":"open","ping_status":"closed","template":"","meta":{"om_disable_all_campaigns":false,"_monsterinsights_skip_tracking":false,"_monsterinsights_sitenote_active":false,"_monsterinsights_sitenote_note":"","_monsterinsights_sitenote_category":0,"site-sidebar-layout":"default","site-content-layout":"","ast-site-content-layout":"default","site-content-style":"default","site-sidebar-style":"default","ast-global-header-display":"","ast-banner-title-visibility":"","ast-main-header-display":"","ast-hfb-above-header-display":"","ast-hfb-below-header-display":"","ast-hfb-mobile-header-display":"","site-post-title":"","ast-breadcrumbs-content":"","ast-featured-img":"","footer-sml-layout":"","theme-transparent-header-meta":"disabled","adv-header-id-meta":"","stick-header-meta":"","header-above-stick-meta":"","header-main-stick-meta":"","header-below-stick-meta":"","astra-migrate-meta-layouts":"set","ast-page-background-enabled":"default","ast-page-background-meta":{"desktop":{"background-color":"","background-image":"","background-repeat":"repeat","background-position":"center center","background-size":"auto","background-attachment":"scroll","background-type":"","background-media":"","overlay-type":"","overlay-color":"","overlay-opacity":"","overlay-gradient":""},"tablet":{"background-color":"","background-image":"","background-repeat":"repeat","background-position":"center center","background-size":"auto","background-attachment":"scroll","background-type":"","background-media":"","overlay-type":"","overlay-color":"","overlay-opacity":"","overlay-gradient":""},"mobile":{"background-color":"","background-image":"","background-repeat":"repeat","background-position":"center center","background-size":"auto","background-attachment":"scroll","background-type":"","background-media":"","overlay-type":"","overlay-color":"","overlay-opacity":"","overlay-gradient":""}},"ast-content-background-meta":{"desktop":{"background-color":"var(--ast-global-color-5)","background-image":"","background-repeat":"repeat","background-position":"center center","background-size":"auto","background-attachment":"scroll","background-type":"","background-media":"","overlay-type":"","overlay-color":"","overlay-opacity":"","overlay-gradient":""},"tablet":{"background-color":"var(--ast-global-color-5)","background-image":"","background-repeat":"repeat","background-position":"center center","background-size":"auto","background-attachment":"scroll","background-type":"","background-media":"","overlay-type":"","overlay-color":"","overlay-opacity":"","overlay-gradient":""},"mobile":{"background-color":"var(--ast-global-color-5)","background-image":"","background-repeat":"repeat","background-position":"center center","background-size":"auto","background-attachment":"scroll","background-type":"","background-media":"","overlay-type":"","overlay-color":"","overlay-opacity":"","overlay-gradient":""}}},"product_brand":[],"product_cat":[98],"product_tag":[129,137,135,104],"class_list":{"0":"post-2605","1":"product","2":"type-product","3":"status-publish","4":"has-post-thumbnail","6":"product_cat-instructor-led-training","7":"product_tag-consultanttraining","8":"product_tag-logistics","9":"product_tag-s4hana","10":"product_tag-ts422","11":"desktop-align-left","12":"tablet-align-left","13":"mobile-align-left","15":"first","16":"instock","17":"taxable","18":"shipping-taxable","19":"purchasable","20":"product-type-simple"},"_links":{"self":[{"href":"https:\/\/ngig.edu.vn\/vi\/wp-json\/wp\/v2\/product\/2605","targetHints":{"allow":["GET"]}}],"collection":[{"href":"https:\/\/ngig.edu.vn\/vi\/wp-json\/wp\/v2\/product"}],"about":[{"href":"https:\/\/ngig.edu.vn\/vi\/wp-json\/wp\/v2\/types\/product"}],"replies":[{"embeddable":true,"href":"https:\/\/ngig.edu.vn\/vi\/wp-json\/wp\/v2\/comments?post=2605"}],"wp:featuredmedia":[{"embeddable":true,"href":"https:\/\/ngig.edu.vn\/vi\/wp-json\/wp\/v2\/media\/2618"}],"wp:attachment":[{"href":"https:\/\/ngig.edu.vn\/vi\/wp-json\/wp\/v2\/media?parent=2605"}],"wp:term":[{"taxonomy":"product_brand","embeddable":true,"href":"https:\/\/ngig.edu.vn\/vi\/wp-json\/wp\/v2\/product_brand?post=2605"},{"taxonomy":"product_cat","embeddable":true,"href":"https:\/\/ngig.edu.vn\/vi\/wp-json\/wp\/v2\/product_cat?post=2605"},{"taxonomy":"product_tag","embeddable":true,"href":"https:\/\/ngig.edu.vn\/vi\/wp-json\/wp\/v2\/product_tag?post=2605"}],"curies":[{"name":"wp","href":"https:\/\/api.w.org\/{rel}","templated":true}]}}