{"id":2592,"date":"2024-08-08T05:14:03","date_gmt":"2024-08-07T22:14:03","guid":{"rendered":"https:\/\/ngig.edu.vn\/?post_type=product&#038;p=2592"},"modified":"2025-04-19T08:01:14","modified_gmt":"2025-04-19T01:01:14","slug":"eu02","status":"publish","type":"product","link":"https:\/\/ngig.edu.vn\/vi\/san-pham\/eu02\/","title":{"rendered":"EU02 &#8211; SAP S\/4HANA Supply Chain Management"},"content":{"rendered":"<p>Ch\u01b0\u01a1ng tr\u00ecnh \u0111\u00e0o t\u1ea1o\u00a0<strong>\u201cSAP Consultant Training with NGIG\u201d<\/strong>\u00a0\u0111\u01b0\u1ee3c t\u1ed5 ch\u1ee9c b\u1edfi trung t\u00e2m \u0111\u00e0o t\u1ea1o SAP NGIG (<a href=\"https:\/\/ngig.edu.vn\/vi\/\">ngig.edu.vn)<\/a>\u00a0, \u0111\u1ed1i t\u00e1c<a href=\"https:\/\/pf-prod-sapit-partner-prod.cfapps.eu10.hana.ondemand.com\/profile\/0002942676\" target=\"_blank\" rel=\"noopener\">\u00a0SAP Authorized Training Partner<\/a>\u00a0\u0110\u00e0o t\u1ea1o v\u00e0 \u00c1p d\u1ee5ng SAP<a href=\"http:\/\/bilab.uel.edu.vn\/\" target=\"_blank\" rel=\"noopener\">\u00a0BI Lab &amp; SAP Next-Gen Center<\/a>\u00a0(\u0110\u1ea1i h\u1ecdc Kinh t\u1ebf - Lu\u1eadt)<\/p>\n<p><strong>T\u1ea1i sao b\u1ea1n n\u00ean tham gia?<\/strong><\/p>\n<ul>\n<li>With the purpose of training End Users with high professional capabilities to participate in projects to use the SAP S\/4HANA system, the course is designed with program: <b>SAP Supply Chain Management (EU02)<\/b>\u00a0bao g\u1ed3m nhi\u1ec1u ch\u1ee7 \u0111\u1ec1 li\u00ean quan.<\/li>\n<li>Sau khi ho\u00e0n th\u00e0nh kho\u00e1 h\u1ecdc, h\u1ecdc vi\u00ean \u0111\u01b0\u1ee3c khuy\u1ebfn kh\u00edch ti\u1ebfp t\u1ee5c h\u1ecdc s\u00e2u h\u01a1n t\u1ea1i l\u1ed9 tr\u00ecnh \u0111\u00e0o t\u1ea1o <a href=\"https:\/\/ngig.edu.vn\/vi\/all-courses\/sap-training\/sap-consultant-training\/\">SAP Consultant Training Program<\/a>\u00a0v\u00e0 \u0111\u1ea1t ch\u1ee9ng ch\u1ec9 qu\u1ed1c t\u1ebf v\u1ec1\u00a0<a href=\"https:\/\/learning.sap.com\/get-certified\" target=\"_blank\" rel=\"noopener\">Ch\u1ee9ng ch\u1ec9 To\u00e0n c\u1ea7u SAP<\/a>\u00a0bao g\u1ed3m danh m\u1ee5c h\u1ec7 th\u1ed1ng ch\u1ee9ng ch\u1ec9 \u0111\u01b0\u1ee3c c\u00f4ng nh\u1eadn qu\u1ed1c t\u1ebf.<\/li>\n<\/ul>\n<p><strong>\u0110\u1ed1i t\u01b0\u1ee3ng m\u1ee5c ti\u00eau<\/strong><\/p>\n<ul>\n<li>Chu\u1ed7i kho\u00e1 h\u1ecdc\u00a0<strong>\u0110\u00e0o t\u1ea1o Ng\u01b0\u1eddi d\u00f9ng SAP\u00a0<\/strong>l\u00e0 kh\u00f3a h\u1ecdc ph\u00f9 h\u1ee3p v\u1edbi nh\u1eefng ng\u01b0\u1eddi \u0111ang chu\u1ea9n b\u1ecb b\u01b0\u1edbc v\u00e0o m\u00f4i tr\u01b0\u1eddng l\u00e0m vi\u1ec7c s\u1eed d\u1ee5ng SAP ho\u1eb7c mu\u1ed1n n\u00e2ng cao n\u0103ng l\u1ef1c trong l\u0129nh v\u1ef1c ERP v\u1edbi ph\u1ea7n m\u1ec1m SAP S\/4HANA. \u0110\u1ed1i t\u01b0\u1ee3ng h\u1ecdc vi\u00ean \u0111a d\u1ea1ng, bao g\u1ed3m sinh vi\u00ean \u0111\u1ea1i h\u1ecdc chuy\u00ean ng\u00e0nh Kinh t\u1ebf, Kinh doanh, Qu\u1ea3n tr\u1ecb, Logistics, T\u00e0i ch\u00ednh, Nh\u00e2n s\u1ef1, X\u00e2y d\u1ef1ng v\u00e0 c\u00e1c chuy\u00ean gia trong l\u0129nh v\u1ef1c S\u1ea3n xu\u1ea5t, C\u00f4ng ngh\u1ec7 th\u00f4ng tin.<\/li>\n<li>Ngo\u00e0i ra, c\u00e1c t\u00e2n c\u1eed nh\u00e2n v\u00e0 nh\u00e2n vi\u00ean hi\u1ec7n t\u1ea1i c\u0169ng c\u00f3 th\u1ec3 t\u1eadn d\u1ee5ng c\u00e1c kh\u00f3a h\u1ecdc n\u00e0y \u0111\u1ec3 th\u0103ng ti\u1ebfn ngh\u1ec1 nghi\u1ec7p.<\/li>\n<\/ul>\n<p class=\"elementor-heading-title elementor-size-default\"><strong>L\u1ee3i \u00edch mang l\u1ea1i cho h\u1ecdc vi\u00ean<\/strong><\/p>\n<ul>\n<li data-sourcepos=\"1:1-1:168\"><strong>D\u1eabn \u0111\u1ea7u xu th\u1ebf:<\/strong>\u00a0Trang b\u1ecb cho b\u1ea3n th\u00e2n ki\u1ebfn th\u1ee9c c\u1eadp nh\u1eadt v\u1ec1 SAP, m\u1edf ra c\u01a1 h\u1ed9i ngh\u1ec1 nghi\u1ec7p m\u1edbi.<\/li>\n<li data-sourcepos=\"23:1-23:116\"><strong>H\u01b0\u1edbng d\u1eabn chuy\u00ean gia<\/strong>\u00a0H\u1ecdc h\u1ecfi t\u1eeb nh\u1eefng chuy\u00ean gia h\u00e0ng \u0111\u1ea7u v\u00e0 t\u00edch l\u0169y kinh nghi\u1ec7m th\u1ef1c ti\u1ec5n qu\u00fd b\u00e1u.<\/li>\n<li data-sourcepos=\"22:1-22:103\"><strong>M\u00f4 h\u00ecnh h\u1ecdc t\u1eadp t\u01b0\u01a1ng t\u00e1c:<\/strong>\u00a0B\u00e0i t\u1eadp th\u1ef1c h\u00e0nh SAP chuy\u00ean s\u00e2u v\u00e0 b\u00e1m s\u00e1t th\u1ef1c t\u1ebf \u0111\u1ec3 c\u1ee7ng c\u1ed1 ki\u1ebfn th\u1ee9c.<\/li>\n<li data-sourcepos=\"7:1-7:202\"><strong>T\u01b0 v\u1ea5n chuy\u00ean s\u00e2u:<\/strong>\u00a0Th\u1ea3o lu\u1eadn v\u1ec1 d\u1ef1 \u00e1n v\u00e0 c\u01a1 h\u1ed9i ngh\u1ec1 nghi\u1ec7p t\u01b0\u01a1ng lai v\u1edbi c\u00e1c chuy\u00ean gia \u0111\u00e3 tri\u1ec3n khai th\u00e0nh c\u00f4ng SAP cho c\u00e1c t\u1eadp \u0111o\u00e0n \u0111a qu\u1ed1c gia tr\u00ean to\u00e0n th\u1ebf gi\u1edbi.<\/li>\n<li data-sourcepos=\"24:1-24:108\"><strong>M\u00f4i tr\u01b0\u1eddng h\u1ee3p t\u00e1c:<\/strong>\u00a0Chia s\u1ebb \u00fd t\u01b0\u1edfng, k\u1ebft n\u1ed1i v\u1edbi \u0111\u1ed3ng nghi\u1ec7p v\u00e0 kh\u00e1m ph\u00e1 nh\u1eefng ph\u01b0\u01a1ng ph\u00e1p t\u1ef1 \u0111\u1ed9ng h\u00f3a m\u1edbi.<\/li>\n<li data-sourcepos=\"11:1-11:141\"><strong>Ch\u1ee9ng ch\u1ec9 ho\u00e0n th\u00e0nh kh\u00f3a h\u1ecdc:<\/strong>\u00a0\u0110\u01b0\u1ee3c c\u1ea5p ch\u1ee9ng ch\u1ec9 ho\u00e0n th\u00e0nh kh\u00f3a h\u1ecdc b\u1edfi Vi\u1ec7n NGIG v\u00e0 Trung t\u00e2m Bi-Lab, \u0110\u1ea1i h\u1ecdc Kinh t\u1ebf Lu\u1eadt.<\/li>\n<li><strong>Chu\u1ea9n b\u1ecb cho ch\u1ee9ng ch\u1ec9 SAP to\u00e0n c\u1ea7u c\u1ee7a b\u1ea1n:<\/strong>\u00a0N\u1eafm v\u1eefng ki\u1ebfn th\u1ee9c n\u1ec1n t\u1ea3ng \u0111\u1ec3 th\u00fac \u0111\u1ea9y s\u1ef1 ph\u00e1t tri\u1ec3n ngh\u1ec1 nghi\u1ec7p c\u1ee7a b\u1ea1n v\u1edbi ch\u1ee9ng ch\u1ec9 SAP.<\/li>\n<\/ul>\n<p class=\"elementor-heading-title elementor-size-default\"><strong>Thi\u1ebft k\u1ebf kh\u00f3a h\u1ecdc<\/strong><\/p>\n<ul>\n<li>M\u1ed7i ch\u01b0\u01a1ng tr\u00ecnh c\u00f3 t\u1ed5ng th\u1eddi gian h\u1ecdc l\u00e0 3 th\u00e1ng v\u1edbi 3 bu\u1ed5i m\u1ed7i tu\u1ea7n.<\/li>\n<li>\"Kh\u00f3a h\u1ecdc \u0111\u01b0\u1ee3c t\u1ed5 ch\u1ee9c tr\u1ef1c tuy\u1ebfn v\u00e0 k\u1ebft h\u1ee3p tr\u1ef1c ti\u1ebfp.\"<\/li>\n<\/ul>\n<p><strong>Notes<\/strong><\/p>\n<table dir=\"ltr\" border=\"1\" cellspacing=\"0\" cellpadding=\"0\" data-sheets-root=\"1\">\n<colgroup>\n<col width=\"182\" \/>\n<col width=\"134\" \/>\n<col width=\"208\" \/>\n<col width=\"100\" \/>\n<col width=\"100\" \/><\/colgroup>\n<tbody>\n<tr>\n<td data-sheets-value=\"{&quot;1&quot;:2,&quot;2&quot;:&quot;Program Code&quot;}\">M\u00e3 kh\u00f3a h\u1ecdc<\/td>\n<td data-sheets-value=\"{&quot;1&quot;:2,&quot;2&quot;:&quot;Topic&quot;}\">Ch\u1ee7 \u0111\u1ec1<\/td>\n<td data-sheets-value=\"{&quot;1&quot;:2,&quot;2&quot;:&quot;Descriptions&quot;}\">M\u00f4 t\u1ea3<\/td>\n<td data-sheets-value=\"{&quot;1&quot;:2,&quot;2&quot;:&quot;Duration (Sessions)&quot;}\">Th\u1eddi l\u01b0\u1ee3ng<\/td>\n<td data-sheets-value=\"{&quot;1&quot;:2,&quot;2&quot;:&quot;Prerequisites&quot;}\">Y\u00eau c\u1ea7u c\u1ea7n thi\u1ebft<\/td>\n<\/tr>\n<tr>\n<td data-sheets-value=\"{&quot;1&quot;:2,&quot;2&quot;:&quot;EU01&quot;}\">EU02<\/td>\n<td data-sheets-value=\"{&quot;1&quot;:2,&quot;2&quot;:&quot;SAP S\/4HANA Finance&quot;}\">SAP S\/4HANA Supply Chain Management<\/td>\n<td data-sheets-value=\"{&quot;1&quot;:2,&quot;2&quot;:&quot;NGIG_EU01_SAP Finance_CourseAnnouncement.pdfnNGIG_EU01_CourseDetails nNGIG_EU01_CaseStudyExercises&quot;}\" data-sheets-chipruns=\"{&quot;1&quot;:0,&quot;2&quot;:{&quot;2&quot;:{&quot;1&quot;:&quot;https:\/\/drive.google.com\/file\/d\/13iYtCmEC8uiT3gJ1nK2O1xQtv0H5XXao\/view?usp=sharing&quot;,&quot;2&quot;:&quot;application\/pdf&quot;}}}\uee10{&quot;1&quot;:44}\uee10{&quot;1&quot;:45,&quot;2&quot;:{&quot;2&quot;:{&quot;1&quot;:&quot;https:\/\/drive.google.com\/file\/d\/1yhp8dLbwghFK2_gqFRtRU02pIAuoJ7LQ\/view?usp=sharing&quot;,&quot;2&quot;:&quot;application\/pdf&quot;}}}\uee10{&quot;1&quot;:68}\uee10{&quot;1&quot;:70,&quot;2&quot;:{&quot;2&quot;:{&quot;1&quot;:&quot;https:\/\/drive.google.com\/file\/d\/11KHEB0MZoTBUG0xZ9IpUlKrNS17ZcgXX\/view?usp=sharing&quot;,&quot;2&quot;:&quot;application\/pdf&quot;}}}\uee10{&quot;1&quot;:98}\"><a class=\"in-cell-link\" href=\"https:\/\/drive.google.com\/file\/d\/1Cv-HVIgaExqTNQaH7Z0256EhY9s4wDJf\/view?usp=sharing\" target=\"_blank\" rel=\"noopener\"><span data-rich-links=\"{&quot;fple-t&quot;:&quot;NGIG_EU02_SAP Supply Chain Management_CourseAnnouncement&quot;,&quot;fple-u&quot;:&quot;https:\/\/drive.google.com\/file\/d\/1Cv-HVIgaExqTNQaH7Z0256EhY9s4wDJf\/view?usp=sharing&quot;,&quot;fple-mt&quot;:&quot;application\/pdf&quot;}\">NGIG_EU02_CourseAnnouncement<\/span><\/a><br \/>\n<a class=\"in-cell-link\" href=\"https:\/\/drive.google.com\/file\/d\/1MGyF_X8prOcIYYVj8lzz6FiDCzG9TCDB\/view?usp=sharing\" target=\"_blank\" rel=\"noopener\"><span data-rich-links=\"{&quot;fple-t&quot;:&quot;NGIG_EU02_CourseDetails&quot;,&quot;fple-u&quot;:&quot;https:\/\/drive.google.com\/file\/d\/1MGyF_X8prOcIYYVj8lzz6FiDCzG9TCDB\/view?usp=sharing&quot;,&quot;fple-mt&quot;:&quot;application\/pdf&quot;}\">NGIG_EU02_CourseDetails<\/span><\/a><br \/>\n<a class=\"in-cell-link\" href=\"https:\/\/drive.google.com\/file\/d\/1_e23qBCX90HYYGuVAssuccpjHIZf22mM\/view?usp=sharing\" target=\"_blank\" rel=\"noopener\"><span data-rich-links=\"{&quot;fple-t&quot;:&quot;NGIG_EU02_CaseStudy&quot;,&quot;fple-u&quot;:&quot;https:\/\/drive.google.com\/file\/d\/1_e23qBCX90HYYGuVAssuccpjHIZf22mM\/view?usp=sharing&quot;,&quot;fple-mt&quot;:&quot;application\/pdf&quot;}\">NGIG_EU02_CaseStudyExercises<\/span><\/a><\/td>\n<td data-sheets-value=\"{&quot;1&quot;:3,&quot;3&quot;:27}\">27<\/td>\n<td data-sheets-value=\"{&quot;1&quot;:2,&quot;2&quot;:&quot;General knowledge of business processes in financial management&quot;}\">Ki\u1ebfn th\u1ee9c c\u01a1 b\u1ea3n v\u1ec1 quy tr\u00ecnh kinh doanh trong l\u1eadp k\u1ebf ho\u1ea1ch v\u00e0 qu\u1ea3n l\u00fd doanh nghi\u1ec7p.<\/td>\n<\/tr>\n<\/tbody>\n<\/table>\n<div class=\"elementor-element elementor-element-4a165d0 elementor-widget elementor-widget-heading\" data-id=\"4a165d0\" data-element_type=\"widget\" data-widget_type=\"heading.default\">\n<div class=\"elementor-widget-container\">\n<p class=\"elementor-heading-title elementor-size-default\"><strong>T\u00e0i li\u1ec7u h\u1ecdc t\u1eadp<\/strong><\/p>\n<\/div>\n<\/div>\n<div class=\"elementor-element elementor-element-656c0c8 elementor-widget elementor-widget-text-editor\" data-id=\"656c0c8\" data-element_type=\"widget\" data-widget_type=\"text-editor.default\">\n<div class=\"elementor-widget-container\">\n<p>V\u1edbi vi\u1ec7c tham gia kh\u00f3a \u0111\u00e0o t\u1ea1o n\u00e0y, h\u1ecdc vi\u00ean s\u1ebd \u0111\u01b0\u1ee3c h\u01b0\u1edfng nh\u1eefng l\u1ee3i \u00edch sau:<\/p>\n<ul>\n<li>Nh\u1eadn\u00a0<b>\"\u0110\u01b0\u1ee3c truy c\u1eadp v\u00e0o m\u00e1y ch\u1ee7 \u1ea3o c\u1ee7a SAP trong<\/b><b>3 th\u00e1ng<\/b>. M\u00e1y ch\u1ee7 \u1ea3o \u0111\u00e3 \u0111\u01b0\u1ee3c c\u00e0i \u0111\u1eb7t v\u00e0 c\u1ea5u h\u00ecnh ho\u00e0n ch\u1ec9nh ph\u1ea7n m\u1ec1m SAP S\/4HANA.<\/li>\n<li>Ngo\u00e0i ra, h\u1ecdc vi\u00ean c\u00f2n \u0111\u01b0\u1ee3c h\u1ed7 tr\u1ee3\u00a0<b>h\u1ec7 th\u1ed1ng qu\u1ea3n l\u00fd h\u1ecdc t\u1eadp, b\u00e0i gi\u1ea3ng, ng\u00e2n h\u00e0ng c\u00e2u h\u1ecfi<\/b>, c\u00f9ng c\u00e1c t\u00e0i li\u1ec7u kh\u00e1c do trung t\u00e2m NGIG cung c\u1ea5p.<\/li>\n<\/ul>\n<\/div>\n<\/div>","protected":false},"excerpt":{"rendered":"<ul>\n<li>Chu\u1ed7i kho\u00e1 h\u1ecdc <strong>\u0110\u00e0o t\u1ea1o Ng\u01b0\u1eddi d\u00f9ng SAP <\/strong>ph\u00f9 h\u1ee3p v\u1edbi nh\u1eefng ng\u01b0\u1eddi \u0111ang chu\u1ea9n b\u1ecb b\u1eaft \u0111\u1ea7u l\u00e0m vi\u1ec7c trong c\u00e1c doanh nghi\u1ec7p s\u1eed d\u1ee5ng SAP ho\u1eb7c mu\u1ed1n n\u00e2ng cao n\u0103ng l\u1ef1c c\u1ee7a m\u00ecnh trong l\u0129nh v\u1ef1c ERP T\u00e0i ch\u00ednh v\u1edbi ph\u1ea7n m\u1ec1m SAP S\/4HANA. Bao g\u1ed3m nhi\u1ec1u \u0111\u1ed1i t\u01b0\u1ee3ng h\u1ecdc vi\u00ean, t\u1eeb sinh vi\u00ean \u0111\u1ea1i h\u1ecdc chuy\u00ean ng\u00e0nh Kinh t\u1ebf, Kinh doanh, Qu\u1ea3n l\u00fd, Logistics, T\u00e0i ch\u00ednh, Ngu\u1ed3n nh\u00e2n l\u1ef1c v\u00e0 X\u00e2y d\u1ef1ng \u0111\u1ebfn c\u00e1c chuy\u00ean gia trong S\u1ea3n xu\u1ea5t, Khoa h\u1ecdc m\u00e1y t\u00ednh v\u00e0 C\u00f4ng ngh\u1ec7 th\u00f4ng tin.<\/li>\n<li>Ngo\u00e0i ra, c\u00e1c t\u00e2n c\u1eed nh\u00e2n v\u00e0 nh\u00e2n vi\u00ean hi\u1ec7n t\u1ea1i c\u0169ng c\u00f3 th\u1ec3 t\u1eadn d\u1ee5ng c\u00e1c kh\u00f3a h\u1ecdc n\u00e0y \u0111\u1ec3 th\u0103ng ti\u1ebfn ngh\u1ec1 nghi\u1ec7p.<\/li>\n<li>EU02 has a total study duration of 3 months with 3 classes per week.<\/li>\n<\/ul>","protected":false},"featured_media":2590,"comment_status":"open","ping_status":"closed","template":"","meta":{"om_disable_all_campaigns":false,"_monsterinsights_skip_tracking":false,"_monsterinsights_sitenote_active":false,"_monsterinsights_sitenote_note":"","_monsterinsights_sitenote_category":0,"site-sidebar-layout":"default","site-content-layout":"","ast-site-content-layout":"default","site-content-style":"default","site-sidebar-style":"default","ast-global-header-display":"","ast-banner-title-visibility":"","ast-main-header-display":"","ast-hfb-above-header-display":"","ast-hfb-below-header-display":"","ast-hfb-mobile-header-display":"","site-post-title":"","ast-breadcrumbs-content":"","ast-featured-img":"","footer-sml-layout":"","ast-disable-related-posts":"","theme-transparent-header-meta":"disabled","adv-header-id-meta":"","stick-header-meta":"","header-above-stick-meta":"","header-main-stick-meta":"","header-below-stick-meta":"","astra-migrate-meta-layouts":"set","ast-page-background-enabled":"default","ast-page-background-meta":{"desktop":{"background-color":"","background-image":"","background-repeat":"repeat","background-position":"center center","background-size":"auto","background-attachment":"scroll","background-type":"","background-media":"","overlay-type":"","overlay-color":"","overlay-opacity":"","overlay-gradient":""},"tablet":{"background-color":"","background-image":"","background-repeat":"repeat","background-position":"center center","background-size":"auto","background-attachment":"scroll","background-type":"","background-media":"","overlay-type":"","overlay-color":"","overlay-opacity":"","overlay-gradient":""},"mobile":{"background-color":"","background-image":"","background-repeat":"repeat","background-position":"center center","background-size":"auto","background-attachment":"scroll","background-type":"","background-media":"","overlay-type":"","overlay-color":"","overlay-opacity":"","overlay-gradient":""}},"ast-content-background-meta":{"desktop":{"background-color":"var(--ast-global-color-5)","background-image":"","background-repeat":"repeat","background-position":"center center","background-size":"auto","background-attachment":"scroll","background-type":"","background-media":"","overlay-type":"","overlay-color":"","overlay-opacity":"","overlay-gradient":""},"tablet":{"background-color":"var(--ast-global-color-5)","background-image":"","background-repeat":"repeat","background-position":"center center","background-size":"auto","background-attachment":"scroll","background-type":"","background-media":"","overlay-type":"","overlay-color":"","overlay-opacity":"","overlay-gradient":""},"mobile":{"background-color":"var(--ast-global-color-5)","background-image":"","background-repeat":"repeat","background-position":"center center","background-size":"auto","background-attachment":"scroll","background-type":"","background-media":"","overlay-type":"","overlay-color":"","overlay-opacity":"","overlay-gradient":""}}},"product_brand":[],"product_cat":[98],"product_tag":[99],"class_list":{"0":"post-2592","1":"product","2":"type-product","3":"status-publish","4":"has-post-thumbnail","6":"product_cat-instructor-led-training","7":"product_tag-eu02-fico-enduser-s4hana","8":"desktop-align-left","9":"tablet-align-left","10":"mobile-align-left","12":"first","13":"instock","14":"taxable","15":"shipping-taxable","16":"purchasable","17":"product-type-simple"},"_links":{"self":[{"href":"https:\/\/ngig.edu.vn\/vi\/wp-json\/wp\/v2\/product\/2592","targetHints":{"allow":["GET"]}}],"collection":[{"href":"https:\/\/ngig.edu.vn\/vi\/wp-json\/wp\/v2\/product"}],"about":[{"href":"https:\/\/ngig.edu.vn\/vi\/wp-json\/wp\/v2\/types\/product"}],"replies":[{"embeddable":true,"href":"https:\/\/ngig.edu.vn\/vi\/wp-json\/wp\/v2\/comments?post=2592"}],"wp:featuredmedia":[{"embeddable":true,"href":"https:\/\/ngig.edu.vn\/vi\/wp-json\/wp\/v2\/media\/2590"}],"wp:attachment":[{"href":"https:\/\/ngig.edu.vn\/vi\/wp-json\/wp\/v2\/media?parent=2592"}],"wp:term":[{"taxonomy":"product_brand","embeddable":true,"href":"https:\/\/ngig.edu.vn\/vi\/wp-json\/wp\/v2\/product_brand?post=2592"},{"taxonomy":"product_cat","embeddable":true,"href":"https:\/\/ngig.edu.vn\/vi\/wp-json\/wp\/v2\/product_cat?post=2592"},{"taxonomy":"product_tag","embeddable":true,"href":"https:\/\/ngig.edu.vn\/vi\/wp-json\/wp\/v2\/product_tag?post=2592"}],"curies":[{"name":"wp","href":"https:\/\/api.w.org\/{rel}","templated":true}]}}