{"id":2454,"date":"2024-07-25T06:27:39","date_gmt":"2024-07-25T06:27:39","guid":{"rendered":"https:\/\/ngig.edu.vn\/?page_id=2454"},"modified":"2024-08-05T13:10:25","modified_gmt":"2024-08-05T06:10:25","slug":"leonard-pham","status":"publish","type":"page","link":"https:\/\/ngig.edu.vn\/vi\/sap-student-testimonials\/leonard-pham\/","title":{"rendered":"Leonard Pham&#8217;s Testimonial For SAP TS4FI"},"content":{"rendered":"<div data-elementor-type=\"wp-page\" data-elementor-id=\"2454\" class=\"elementor elementor-2454\" data-elementor-post-type=\"page\">\n\t\t\t\t<div class=\"elementor-element elementor-element-caefbd9 e-flex e-con-boxed e-con e-parent\" data-id=\"caefbd9\" data-element_type=\"container\" data-settings=\"{&quot;background_background&quot;:&quot;classic&quot;}\">\n\t\t\t\t\t<div class=\"e-con-inner\">\n\t\t<div class=\"elementor-element elementor-element-47b8fd8 e-con-full e-flex e-con e-child\" data-id=\"47b8fd8\" data-element_type=\"container\">\n\t\t\t\t<div class=\"elementor-element elementor-element-421b8b9 elementor-widget elementor-widget-heading\" data-id=\"421b8b9\" data-element_type=\"widget\" data-widget_type=\"heading.default\">\n\t\t\t\t<div class=\"elementor-widget-container\">\n\t\t\t\t\t<h1 class=\"elementor-heading-title elementor-size-xxl\">TR\u1ea2I NGHI\u1ec6M H\u1eccC SAP FI T\u1eea H\u1eccC VI\u00caN L\u00c9ONARD PHAM \u0110\u1ebeN T\u1eea N\u01af\u1edaC PH\u00c1P<\/h1>\t\t\t\t<\/div>\n\t\t\t\t<\/div>\n\t\t\t\t<div class=\"elementor-element elementor-element-18b0823 elementor-widget elementor-widget-text-editor\" data-id=\"18b0823\" data-element_type=\"widget\" data-widget_type=\"text-editor.default\">\n\t\t\t\t<div class=\"elementor-widget-container\">\n\t\t\t\t\t\t\t\t\t<p>Ch\u01b0\u01a1ng tr\u00ecnh \u0111\u00e0o t\u1ea1o SAP Financial Accounting \u0111\u01b0\u1ee3c t\u1ed5 ch\u1ee9c b\u1edfi Trung t\u00e2m NGIG (\u0111\u1ed1i t\u00e1c \u0111\u00e0o t\u1ea1o to\u00e0n c\u1ea7u c\u1ee7a SAP) gi\u00fap b\u1ea1n ph\u00e1t tri\u1ec3n c\u00e1c k\u1ef9 n\u0103ng c\u1ea7n thi\u1ebft \u0111\u1ec3 tri\u1ec3n khai v\u00e0 t\u00f9y ch\u1ec9nh c\u00e1c t\u00ednh n\u0103ng c\u1ee7a SAP S\/4HANA T\u00e0i ch\u00ednh, t\u1eadp trung v\u00e0o K\u1ebf to\u00e1n T\u00e0i ch\u00ednh (\u00e1p d\u1ee5ng cho c\u1ea3 SAP S\/4HANA on-premise v\u00e0 SAP S\/4HANA Cloud).<\/p>\t\t\t\t\t\t\t\t<\/div>\n\t\t\t\t<\/div>\n\t\t\t\t<\/div>\n\t\t\t\t\t<\/div>\n\t\t\t\t<\/div>\n\t\t<div class=\"elementor-element elementor-element-295d735 e-flex e-con-boxed e-con e-parent\" data-id=\"295d735\" data-element_type=\"container\" data-settings=\"{&quot;background_background&quot;:&quot;gradient&quot;}\">\n\t\t\t\t\t<div class=\"e-con-inner\">\n\t\t<div class=\"elementor-element elementor-element-25c2f26 e-con-full e-flex e-con e-child\" data-id=\"25c2f26\" data-element_type=\"container\">\n\t\t\t\t<div class=\"elementor-element elementor-element-c649ef9 elementor-widget elementor-widget-image\" data-id=\"c649ef9\" data-element_type=\"widget\" data-widget_type=\"image.default\">\n\t\t\t\t<div class=\"elementor-widget-container\">\n\t\t\t\t\t\t\t\t\t\t\t\t\t\t\t<img fetchpriority=\"high\" decoding=\"async\" width=\"680\" height=\"665\" src=\"https:\/\/ngig.edu.vn\/wp-content\/uploads\/2024\/07\/Student-Review-e1722837985658.png\" class=\"attachment-full size-full wp-image-2458\" alt=\"\" srcset=\"https:\/\/ngig.edu.vn\/wp-content\/uploads\/2024\/07\/Student-Review-e1722837985658.png 680w, https:\/\/ngig.edu.vn\/wp-content\/uploads\/2024\/07\/Student-Review-e1722837985658-300x293.png 300w, https:\/\/ngig.edu.vn\/wp-content\/uploads\/2024\/07\/Student-Review-e1722837985658-12x12.png 12w, https:\/\/ngig.edu.vn\/wp-content\/uploads\/2024\/07\/Student-Review-e1722837985658-600x587.png 600w\" sizes=\"(max-width: 680px) 100vw, 680px\" \/>\t\t\t\t\t\t\t\t\t\t\t\t\t\t\t<\/div>\n\t\t\t\t<\/div>\n\t\t\t\t<\/div>\n\t\t<div class=\"elementor-element elementor-element-9e18fef e-con-full e-flex e-con e-child\" data-id=\"9e18fef\" data-element_type=\"container\">\n\t\t\t\t<div class=\"elementor-element elementor-element-3ef380c elementor-widget elementor-widget-heading\" data-id=\"3ef380c\" data-element_type=\"widget\" data-widget_type=\"heading.default\">\n\t\t\t\t<div class=\"elementor-widget-container\">\n\t\t\t\t\t<h3 class=\"elementor-heading-title elementor-size-large\">Kh\u00f3a h\u1ecdc n\u00e0y l\u00e0 m\u1ed9t tr\u1ea3i nghi\u1ec7m ho\u00e0n to\u00e0n m\u1edbi v\u00e0 r\u1ea5t th\u00fa v\u1ecb.<\/h3>\t\t\t\t<\/div>\n\t\t\t\t<\/div>\n\t\t\t\t<div class=\"elementor-element elementor-element-ad36221 elementor-widget-divider--separator-type-pattern elementor-widget-divider--view-line elementor-widget elementor-widget-divider\" data-id=\"ad36221\" data-element_type=\"widget\" data-widget_type=\"divider.default\">\n\t\t\t\t<div class=\"elementor-widget-container\">\n\t\t\t\t\t\t\t<div class=\"elementor-divider\" style=\"--divider-pattern-url: url(&quot;data:image\/svg+xml,%3Csvg xmlns=&#039;http:\/\/www.w3.org\/2000\/svg&#039; preserveAspectRatio=&#039;none&#039; overflow=&#039;visible&#039; height=&#039;100%&#039; viewBox=&#039;0 0 24 24&#039; fill=&#039;black&#039; stroke=&#039;none&#039;%3E%3Cpolygon points=&#039;9.4,2 24,2 14.6,21.6 0,21.6&#039;\/%3E%3C\/svg%3E&quot;);\">\n\t\t\t<span class=\"elementor-divider-separator\">\n\t\t\t\t\t\t<\/span>\n\t\t<\/div>\n\t\t\t\t\t\t<\/div>\n\t\t\t\t<\/div>\n\t\t\t\t<div class=\"elementor-element elementor-element-28a3997 elementor-widget elementor-widget-text-editor\" data-id=\"28a3997\" data-element_type=\"widget\" data-widget_type=\"text-editor.default\">\n\t\t\t\t<div class=\"elementor-widget-container\">\n\t\t\t\t\t\t\t\t\t<p><em>&#8220;Xin g\u1eedi ch\u00e0o t\u1eeb n\u01b0\u1edbc Ph\u00e1p xa x\u00f4i!<\/em><\/p><p><em>\u00a0T\u00f4i hi\u1ec7n \u0111ang l\u00e0m vi\u1ec7c cho m\u1ed9t c\u00f4ng ty \u0111a qu\u1ed1c gia v\u1edbi v\u1ecb tr\u00ed FP&amp;A Senior v\u00e0 l\u00e0 Key User SAP. V\u1edbi mong mu\u1ed1n n\u00e2ng c\u1ea5p k\u1ef9 n\u0103ng v\u00e0 nghi\u1ec7p v\u1ee5, t\u00f4i \u0111\u00e3 tham gia kh\u00f3a h\u1ecdc SAP Financial Accounting t\u1ea1i NGIG. \u0110\u1ed1i v\u1edbi t\u00f4i, kh\u00f3a h\u1ecdc n\u00e0y l\u00e0 m\u1ed9t tr\u1ea3i nghi\u1ec7m ho\u00e0n to\u00e0n m\u1edbi v\u00e0 r\u1ea5t th\u00fa v\u1ecb&#8221;.<\/em><\/p>\t\t\t\t\t\t\t\t<\/div>\n\t\t\t\t<\/div>\n\t\t\t\t<div class=\"elementor-element elementor-element-6f4ddfd elementor-widget elementor-widget-heading\" data-id=\"6f4ddfd\" data-element_type=\"widget\" data-widget_type=\"heading.default\">\n\t\t\t\t<div class=\"elementor-widget-container\">\n\t\t\t\t\t<h5 class=\"elementor-heading-title elementor-size-default\">L\u00c9ONARD PHAM<\/h5>\t\t\t\t<\/div>\n\t\t\t\t<\/div>\n\t\t\t\t<div class=\"elementor-element elementor-element-e618594 elementor-widget elementor-widget-heading\" data-id=\"e618594\" data-element_type=\"widget\" data-widget_type=\"heading.default\">\n\t\t\t\t<div class=\"elementor-widget-container\">\n\t\t\t\t\t<h6 class=\"elementor-heading-title elementor-size-default\">FP&amp;A Senior v\u00e0 l\u00e0 Key User SAP<\/h6>\t\t\t\t<\/div>\n\t\t\t\t<\/div>\n\t\t\t\t<div class=\"elementor-element elementor-element-f8aff53 elementor-absolute elementor-widget elementor-widget-image\" data-id=\"f8aff53\" data-element_type=\"widget\" data-settings=\"{&quot;_position&quot;:&quot;absolute&quot;}\" data-widget_type=\"image.default\">\n\t\t\t\t<div class=\"elementor-widget-container\">\n\t\t\t\t\t\t\t\t\t\t\t\t\t\t\t<img decoding=\"async\" width=\"200\" height=\"489\" src=\"https:\/\/ngig.edu.vn\/wp-content\/uploads\/2020\/10\/pattern-v.png\" class=\"attachment-large size-large wp-image-568\" alt=\"\" srcset=\"https:\/\/ngig.edu.vn\/wp-content\/uploads\/2020\/10\/pattern-v.png 200w, https:\/\/ngig.edu.vn\/wp-content\/uploads\/2020\/10\/pattern-v-123x300.png 123w\" sizes=\"(max-width: 200px) 100vw, 200px\" \/>\t\t\t\t\t\t\t\t\t\t\t\t\t\t\t<\/div>\n\t\t\t\t<\/div>\n\t\t\t\t<\/div>\n\t\t\t\t\t<\/div>\n\t\t\t\t<\/div>\n\t\t<div class=\"elementor-element elementor-element-7f3ed54 e-flex e-con-boxed e-con e-parent\" data-id=\"7f3ed54\" data-element_type=\"container\">\n\t\t\t\t\t<div class=\"e-con-inner\">\n\t\t<div class=\"elementor-element elementor-element-7fd6381 e-con-full e-flex e-con e-child\" data-id=\"7fd6381\" data-element_type=\"container\">\n\t\t\t\t<div class=\"elementor-element elementor-element-fe9479f elementor-widget elementor-widget-heading\" data-id=\"fe9479f\" data-element_type=\"widget\" data-widget_type=\"heading.default\">\n\t\t\t\t<div class=\"elementor-widget-container\">\n\t\t\t\t\t<h6 class=\"elementor-heading-title elementor-size-default\">Class Member of TS4FI I<\/h6>\t\t\t\t<\/div>\n\t\t\t\t<\/div>\n\t\t\t\t<div class=\"elementor-element elementor-element-f296c6e elementor-widget elementor-widget-heading\" data-id=\"f296c6e\" data-element_type=\"widget\" data-widget_type=\"heading.default\">\n\t\t\t\t<div class=\"elementor-widget-container\">\n\t\t\t\t\t<h2 class=\"elementor-heading-title elementor-size-default\">KH\u00d3A H\u1eccC SAP FINANCIAL ACCOUNTING T\u1ea0I NGIG<\/h2>\t\t\t\t<\/div>\n\t\t\t\t<\/div>\n\t\t\t\t<\/div>\n\t\t<div class=\"elementor-element elementor-element-8f0e3b0 e-con-full e-flex e-con e-child\" data-id=\"8f0e3b0\" data-element_type=\"container\">\n\t\t\t\t<div class=\"elementor-element elementor-element-573ec25 elementor-widget elementor-widget-heading\" data-id=\"573ec25\" data-element_type=\"widget\" data-widget_type=\"heading.default\">\n\t\t\t\t<div class=\"elementor-widget-container\">\n\t\t\t\t\t<h4 class=\"elementor-heading-title elementor-size-default\">\"Kh\u00f3a h\u1ecdc \u0111\u01b0\u1ee3c thi\u1ebft k\u1ebf v\u1edbi s\u1ef1 k\u1ebft h\u1ee3p h\u00e0i h\u00f2a gi\u1eefa l\u00fd thuy\u1ebft, th\u1ef1c h\u00e0nh v\u00e0 trao \u0111\u1ed5i v\u1ec1 nh\u1eefng cases \u00ab th\u1ef1c chi\u1ebfn \u00bb\". <\/h4>\t\t\t\t<\/div>\n\t\t\t\t<\/div>\n\t\t\t\t<div class=\"elementor-element elementor-element-35f859d elementor-widget elementor-widget-text-editor\" data-id=\"35f859d\" data-element_type=\"widget\" data-widget_type=\"text-editor.default\">\n\t\t\t\t<div class=\"elementor-widget-container\">\n\t\t\t\t\t\t\t\t\t<p><em>&#8220;Hai gi\u1ea3ng vi\u00ean FI kh\u00f4ng ch\u1ec9 chuy\u00ean nghi\u1ec7p v\u00e0 t\u1eadn t\u00e2m m\u00e0 c\u00f2n v\u00f4 c\u00f9ng d\u1ec5 g\u1ea7n, lu\u00f4n s\u1eb5n s\u00e0ng gi\u1ea3i \u0111\u00e1p m\u1ecdi th\u1eafc m\u1eafc. Nh\u1eefng \u0111i\u1ec1u n\u00e0y khi\u1ebfn n\u1ed9i dung h\u1ecdc tr\u1edf n\u00ean s\u1ed1ng \u0111\u1ed9ng v\u00e0 s\u00e1t v\u1edbi th\u1ef1c ti\u1ec5n, cho ph\u00e9p h\u1ecdc vi\u00ean ti\u1ebfp nh\u1eadn m\u1ed9t c\u00e1ch ch\u1ee7 \u0111\u1ed9ng nh\u1eefng chuy\u00ean \u0111\u1ec1 m\u1edbi. C\u00f3 l\u1ebd n\u00f3 gi\u1ed1ng nh\u01b0 vi\u1ec7c v\u1eeba \u0103n b\u00e1nh v\u1eeba u\u1ed1ng tr\u00e0 \u2013 m\u1ecdi th\u1ee9 th\u1eadt h\u00e0i h\u00f2a v\u00e0 t\u1ef1 nhi\u00ean.<\/em><\/p>\t\t\t\t\t\t\t\t<\/div>\n\t\t\t\t<\/div>\n\t\t\t\t<div class=\"elementor-element elementor-element-7ed4d43 elementor-widget elementor-widget-text-editor\" data-id=\"7ed4d43\" data-element_type=\"widget\" data-widget_type=\"text-editor.default\">\n\t\t\t\t<div class=\"elementor-widget-container\">\n\t\t\t\t\t\t\t\t\t<p><em>T\u00f4i \u0111\u00e3 \u0111i \u0111\u01b0\u1ee3c m\u1ed9t n\u1eeda h\u00e0nh tr\u00ecnh c\u1ee7a kh\u00f3a h\u1ecdc v\u00e0 hi\u1ec7n gi\u1edd \u0111\u00e3 c\u00f3 th\u1ec3 t\u1ef1 tin trao \u0111\u1ed5i nghi\u1ec7p v\u1ee5 v\u1edbi \u0111\u1ed9i d\u1ef1 \u00e1n SAP c\u1ee7a c\u00f4ng ty v\u00e0 ch\u1ee7 \u0111\u1ed9ng \u0111\u1ec1 xu\u1ea5t ph\u01b0\u01a1ng \u00e1n gi\u1ea3i quy\u1ebft \u0111\u1ec3 trao \u0111\u1ed5i c\u00f9ng \u0111\u1ed1i t\u00e1c tri\u1ec3n khai SAP. Vi\u1ec7c n\u1eafm r\u00f5 quy tr\u00ecnh nghi\u1ec7p v\u1ee5 v\u00e0 ph\u00e2n lu\u1ed3ng d\u1eef li\u1ec7u trong h\u1ec7 th\u1ed1ng c\u0169ng cho ph\u00e9p t\u00f4i c\u00f3 th\u1ec3 khai th\u00e1c hi\u1ec7u qu\u1ea3 ngu\u1ed3n d\u1eef li\u1ec7u d\u1ed3i d\u00e0o trong SAP, c\u0169ng nh\u01b0 tham gia v\u00e0o nh\u1eefng th\u1ea3o lu\u1eadn cross-functional c\u1ee7a c\u00f4ng ty. \u0110\u00e2y l\u00e0 m\u1ed9t l\u1ee3i th\u1ebf l\u1edbn cho v\u1ecb tr\u00ed c\u00f4ng vi\u1ec7c hi\u1ec7n t\u1ea1i \u1edf c\u00f4ng ty v\u00e0, c\u00f3 th\u1ec3 trong t\u01b0\u01a1ng lai, s\u1ebd m\u1edf ra nh\u1eefng c\u01a1 h\u1ed9i m\u1edbi trong s\u1ef1 nghi\u1ec7p c\u1ee7a t\u00f4i.&#8221;<\/em><\/p>\t\t\t\t\t\t\t\t<\/div>\n\t\t\t\t<\/div>\n\t\t\t\t<\/div>\n\t\t\t\t\t<\/div>\n\t\t\t\t<\/div>\n\t\t<div class=\"elementor-element elementor-element-0e87232 e-flex e-con-boxed e-con e-parent\" data-id=\"0e87232\" data-element_type=\"container\">\n\t\t\t\t\t<div class=\"e-con-inner\">\n\t\t<div class=\"elementor-element elementor-element-268297f e-con-full e-flex e-con e-child\" data-id=\"268297f\" data-element_type=\"container\">\n\t\t\t\t<div class=\"elementor-element elementor-element-3e7683b elementor-widget elementor-widget-heading\" data-id=\"3e7683b\" data-element_type=\"widget\" data-widget_type=\"heading.default\">\n\t\t\t\t<div class=\"elementor-widget-container\">\n\t\t\t\t\t<h4 class=\"elementor-heading-title elementor-size-default\">L\u1eddi c\u00e1m \u01a1n ch\u00e2n th\u00e0nh t\u1eeb anh L\u00e9onard Pham \u0111\u1ebfn NGIG<\/h4>\t\t\t\t<\/div>\n\t\t\t\t<\/div>\n\t\t\t\t<div class=\"elementor-element elementor-element-c374ffb elementor-widget elementor-widget-text-editor\" data-id=\"c374ffb\" data-element_type=\"widget\" data-widget_type=\"text-editor.default\">\n\t\t\t\t<div class=\"elementor-widget-container\">\n\t\t\t\t\t\t\t\t\t<p><em>&#8220;Nh\u00e2n d\u1ecbp n\u00e0y, t\u00f4i c\u0169ng mu\u1ed1n g\u1eedi l\u1eddi c\u1ea3m \u01a1n \u0111\u1ebfn ch\u1ecb Jenna Mai \u0111\u00e3 r\u1ea5t nhi\u1ec7t t\u00ecnh t\u01b0 v\u1ea5n v\u00e0 h\u1ed7 tr\u1ee3 cho vi\u1ec7c l\u1ef1a ch\u1ecdn kh\u00f3a h\u1ecdc v\u00e0 \u0111\u0103ng k\u00fd l\u1edbp m\u1eb7c d\u00f9 c\u00f3 ch\u00eanh l\u1ec7ch kh\u00e1 nhi\u1ec1u v\u1ec1 m\u00fai gi\u1edd gi\u1eefa Ph\u00e1p v\u00e0 Vi\u1ec7t Nam. Xin g\u1eedi l\u1eddi c\u1ea3m \u01a1n ch\u00e2n th\u00e0nh \u0111\u1ebfn \u0111\u1ed9i ng\u0169 tr\u1ee3 gi\u1ea3ng v\u00e0 gi\u1ea3ng vi\u00ean \u0111\u00e3 v\u00e0 \u0111ang \u0111\u1ed3ng h\u00e0nh c\u00f9ng t\u00f4i tr\u00ean h\u00e0nh tr\u00ecnh n\u00e0y!&#8221;<\/em><\/p>\n<p>\u0110\u1ed9i ng\u0169 NGIG g\u1eedi l\u1eddi c\u00e1m \u01a1n ch\u00e2n th\u00e0nh \u0111\u1ebfn s\u1ef1 tin t\u01b0\u1edfng c\u1ee7a anh L\u00e9onard Pham v\u00e0 ch\u00fac anh v\u1edbi nh\u1eefng ki\u1ebfn th\u1ee9c \u0111\u00e3 \u0111\u01b0\u1ee3c ti\u1ebfp thu qua kh\u00f3a h\u1ecdc v\u1eeba r\u1ed3i d\u01b0\u1edbi s\u1ef1 \u0111\u1ecbnh h\u01b0\u1edbng h\u1ecdc t\u1eadp chuy\u00ean s\u00e2u b\u1edfi c\u00e1c chuy\u00ean gia c\u00f3 nhi\u1ec1u n\u0103m kinh nghi\u1ec7m t\u01b0 v\u1ea5n tri\u1ec3n khai SAP t\u1ea1i NGIG s\u1ebd gi\u00fap anh nh\u1eadn \u0111\u01b0\u1ee3c ch\u1ee9ng ch\u1ec9 to\u00e0n c\u1ea7u c\u1ee7a SAP c\u00f3 kh\u1ea3 n\u0103ng \u0111\u00e1p \u1ee9ng nhu c\u1ea7u ng\u00e0y c\u00e0ng cao c\u1ee7a th\u1ecb tr\u01b0\u1eddng lao \u0111\u1ed9ng SAP \u0111\u1ea7y ph\u00e1t tri\u1ec3n.<\/p>\t\t\t\t\t\t\t\t<\/div>\n\t\t\t\t<\/div>\n\t\t\t\t<\/div>\n\t\t\t\t\t<\/div>\n\t\t\t\t<\/div>\n\t\t\t\t<\/div>","protected":false},"excerpt":{"rendered":"<p>TR\u1ea2I NGHI\u1ec6M H\u1eccC SAP FI T\u1eea H\u1eccC VI\u00caN L\u00c9ONARD PHAM \u0110\u1ebeN T\u1eea N\u01af\u1edaC PH\u00c1P Ch\u01b0\u01a1ng tr\u00ecnh \u0111\u00e0o t\u1ea1o SAP Financial Accounting \u0111\u01b0\u1ee3c t\u1ed5 ch\u1ee9c b\u1edfi Trung t\u00e2m NGIG (\u0111\u1ed1i t\u00e1c \u0111\u00e0o t\u1ea1o to\u00e0n c\u1ea7u c\u1ee7a SAP) gi\u00fap b\u1ea1n ph\u00e1t tri\u1ec3n c\u00e1c k\u1ef9 n\u0103ng c\u1ea7n thi\u1ebft \u0111\u1ec3 tri\u1ec3n khai v\u00e0 t\u00f9y ch\u1ec9nh c\u00e1c t\u00ednh n\u0103ng c\u1ee7a [&hellip;]<\/p>","protected":false},"author":1,"featured_media":0,"parent":1549,"menu_order":0,"comment_status":"closed","ping_status":"closed","template":"","meta":{"om_disable_all_campaigns":false,"_monsterinsights_skip_tracking":false,"_monsterinsights_sitenote_active":false,"_monsterinsights_sitenote_note":"","_monsterinsights_sitenote_category":0,"site-sidebar-layout":"no-sidebar","site-content-layout":"page-builder","ast-site-content-layout":"default","site-content-style":"default","site-sidebar-style":"default","ast-global-header-display":"","ast-banner-title-visibility":"","ast-main-header-display":"","ast-hfb-above-header-display":"","ast-hfb-below-header-display":"","ast-hfb-mobile-header-display":"","site-post-title":"disabled","ast-breadcrumbs-content":"disabled","ast-featured-img":"disabled","footer-sml-layout":"","theme-transparent-header-meta":"enabled","adv-header-id-meta":"","stick-header-meta":"","header-above-stick-meta":"","header-main-stick-meta":"","header-below-stick-meta":"","astra-migrate-meta-layouts":"default","ast-page-background-enabled":"default","ast-page-background-meta":{"desktop":{"background-color":"","background-image":"","background-repeat":"repeat","background-position":"center center","background-size":"auto","background-attachment":"scroll","background-type":"","background-media":"","overlay-type":"","overlay-color":"","overlay-opacity":"","overlay-gradient":""},"tablet":{"background-color":"","background-image":"","background-repeat":"repeat","background-position":"center center","background-size":"auto","background-attachment":"scroll","background-type":"","background-media":"","overlay-type":"","overlay-color":"","overlay-opacity":"","overlay-gradient":""},"mobile":{"background-color":"","background-image":"","background-repeat":"repeat","background-position":"center center","background-size":"auto","background-attachment":"scroll","background-type":"","background-media":"","overlay-type":"","overlay-color":"","overlay-opacity":"","overlay-gradient":""}},"ast-content-background-meta":{"desktop":{"background-color":"var(--ast-global-color-5)","background-image":"","background-repeat":"repeat","background-position":"center center","background-size":"auto","background-attachment":"scroll","background-type":"","background-media":"","overlay-type":"","overlay-color":"","overlay-opacity":"","overlay-gradient":""},"tablet":{"background-color":"var(--ast-global-color-5)","background-image":"","background-repeat":"repeat","background-position":"center center","background-size":"auto","background-attachment":"scroll","background-type":"","background-media":"","overlay-type":"","overlay-color":"","overlay-opacity":"","overlay-gradient":""},"mobile":{"background-color":"var(--ast-global-color-5)","background-image":"","background-repeat":"repeat","background-position":"center center","background-size":"auto","background-attachment":"scroll","background-type":"","background-media":"","overlay-type":"","overlay-color":"","overlay-opacity":"","overlay-gradient":""}},"footnotes":""},"class_list":["post-2454","page","type-page","status-publish","hentry"],"_hostinger_reach_plugin_has_subscription_block":false,"_hostinger_reach_plugin_is_elementor":false,"amp_enabled":true,"_links":{"self":[{"href":"https:\/\/ngig.edu.vn\/vi\/wp-json\/wp\/v2\/pages\/2454","targetHints":{"allow":["GET"]}}],"collection":[{"href":"https:\/\/ngig.edu.vn\/vi\/wp-json\/wp\/v2\/pages"}],"about":[{"href":"https:\/\/ngig.edu.vn\/vi\/wp-json\/wp\/v2\/types\/page"}],"author":[{"embeddable":true,"href":"https:\/\/ngig.edu.vn\/vi\/wp-json\/wp\/v2\/users\/1"}],"replies":[{"embeddable":true,"href":"https:\/\/ngig.edu.vn\/vi\/wp-json\/wp\/v2\/comments?post=2454"}],"version-history":[{"count":19,"href":"https:\/\/ngig.edu.vn\/vi\/wp-json\/wp\/v2\/pages\/2454\/revisions"}],"predecessor-version":[{"id":2560,"href":"https:\/\/ngig.edu.vn\/vi\/wp-json\/wp\/v2\/pages\/2454\/revisions\/2560"}],"up":[{"embeddable":true,"href":"https:\/\/ngig.edu.vn\/vi\/wp-json\/wp\/v2\/pages\/1549"}],"wp:attachment":[{"href":"https:\/\/ngig.edu.vn\/vi\/wp-json\/wp\/v2\/media?parent=2454"}],"curies":[{"name":"wp","href":"https:\/\/api.w.org\/{rel}","templated":true}]}}