{"id":1561,"date":"2023-12-12T13:46:19","date_gmt":"2023-12-12T13:46:19","guid":{"rendered":"http:\/\/34.124.240.125\/?page_id=1561"},"modified":"2024-01-26T16:41:04","modified_gmt":"2024-01-26T16:41:04","slug":"testimonials-m06-long-le","status":"publish","type":"page","link":"https:\/\/ngig.edu.vn\/vi\/sap-student-testimonials\/testimonials-m06-long-le\/","title":{"rendered":"Long Le&#8217;s Testimonial For SAP M06"},"content":{"rendered":"<div data-elementor-type=\"wp-page\" data-elementor-id=\"1561\" class=\"elementor elementor-1561\" data-elementor-post-type=\"page\">\n\t\t\t\t<div class=\"elementor-element elementor-element-caefbd9 e-flex e-con-boxed e-con e-parent\" data-id=\"caefbd9\" data-element_type=\"container\" data-settings=\"{&quot;background_background&quot;:&quot;classic&quot;}\">\n\t\t\t\t\t<div class=\"e-con-inner\">\n\t\t<div class=\"elementor-element elementor-element-47b8fd8 e-con-full e-flex e-con e-child\" data-id=\"47b8fd8\" data-element_type=\"container\">\n\t\t\t\t<div class=\"elementor-element elementor-element-421b8b9 elementor-widget elementor-widget-heading\" data-id=\"421b8b9\" data-element_type=\"widget\" data-widget_type=\"heading.default\">\n\t\t\t\t<div class=\"elementor-widget-container\">\n\t\t\t\t\t<h1 class=\"elementor-heading-title elementor-size-default\">Ph\u1ea3n h\u1ed3i c\u1ee7a h\u1ecdc vi\u00ean v\u1ec1 kh\u00f3a h\u1ecdc SAP<\/h1>\t\t\t\t<\/div>\n\t\t\t\t<\/div>\n\t\t\t\t<div class=\"elementor-element elementor-element-18b0823 elementor-widget elementor-widget-text-editor\" data-id=\"18b0823\" data-element_type=\"widget\" data-widget_type=\"text-editor.default\">\n\t\t\t\t<div class=\"elementor-widget-container\">\n\t\t\t\t\t\t\t\t\t<p>Ph\u1ea3n h\u1ed3i t\u1eeb h\u1ecdc vi\u00ean<\/p>\t\t\t\t\t\t\t\t<\/div>\n\t\t\t\t<\/div>\n\t\t\t\t<\/div>\n\t\t\t\t\t<\/div>\n\t\t\t\t<\/div>\n\t\t<div class=\"elementor-element elementor-element-295d735 e-flex e-con-boxed e-con e-parent\" data-id=\"295d735\" data-element_type=\"container\" data-settings=\"{&quot;background_background&quot;:&quot;gradient&quot;}\">\n\t\t\t\t\t<div class=\"e-con-inner\">\n\t\t<div class=\"elementor-element elementor-element-25c2f26 e-con-full e-flex e-con e-child\" data-id=\"25c2f26\" data-element_type=\"container\">\n\t\t\t\t<div class=\"elementor-element elementor-element-c649ef9 elementor-widget elementor-widget-image\" data-id=\"c649ef9\" data-element_type=\"widget\" data-widget_type=\"image.default\">\n\t\t\t\t<div class=\"elementor-widget-container\">\n\t\t\t\t\t\t\t\t\t\t\t\t\t\t\t<img fetchpriority=\"high\" decoding=\"async\" width=\"768\" height=\"768\" src=\"https:\/\/ngig.edu.vn\/wp-content\/uploads\/2023\/12\/Student-Review-4-768x768.png\" class=\"attachment-medium_large size-medium_large wp-image-1568\" alt=\"\" srcset=\"https:\/\/ngig.edu.vn\/wp-content\/uploads\/2023\/12\/Student-Review-4-768x768.png 768w, https:\/\/ngig.edu.vn\/wp-content\/uploads\/2023\/12\/Student-Review-4-300x300.png 300w, https:\/\/ngig.edu.vn\/wp-content\/uploads\/2023\/12\/Student-Review-4-100x100.png 100w, https:\/\/ngig.edu.vn\/wp-content\/uploads\/2023\/12\/Student-Review-4-600x600.png 600w, https:\/\/ngig.edu.vn\/wp-content\/uploads\/2023\/12\/Student-Review-4-1024x1024.png 1024w, https:\/\/ngig.edu.vn\/wp-content\/uploads\/2023\/12\/Student-Review-4-150x150.png 150w, https:\/\/ngig.edu.vn\/wp-content\/uploads\/2023\/12\/Student-Review-4-1536x1536.png 1536w, https:\/\/ngig.edu.vn\/wp-content\/uploads\/2023\/12\/Student-Review-4.png 1625w\" sizes=\"(max-width: 768px) 100vw, 768px\" \/>\t\t\t\t\t\t\t\t\t\t\t\t\t\t\t<\/div>\n\t\t\t\t<\/div>\n\t\t\t\t<\/div>\n\t\t<div class=\"elementor-element elementor-element-9e18fef e-con-full e-flex e-con e-child\" data-id=\"9e18fef\" data-element_type=\"container\">\n\t\t\t\t<div class=\"elementor-element elementor-element-3ef380c elementor-widget elementor-widget-heading\" data-id=\"3ef380c\" data-element_type=\"widget\" data-widget_type=\"heading.default\">\n\t\t\t\t<div class=\"elementor-widget-container\">\n\t\t\t\t\t<h3 class=\"elementor-heading-title elementor-size-default\">Ch\u1ee9ng nh\u1eadn to\u00e0n c\u1ea7u SAP<\/h3>\t\t\t\t<\/div>\n\t\t\t\t<\/div>\n\t\t\t\t<div class=\"elementor-element elementor-element-ad36221 elementor-widget-divider--separator-type-pattern elementor-widget-divider--view-line elementor-widget elementor-widget-divider\" data-id=\"ad36221\" data-element_type=\"widget\" data-widget_type=\"divider.default\">\n\t\t\t\t<div class=\"elementor-widget-container\">\n\t\t\t\t\t\t\t<div class=\"elementor-divider\" style=\"--divider-pattern-url: url(&quot;data:image\/svg+xml,%3Csvg xmlns=&#039;http:\/\/www.w3.org\/2000\/svg&#039; preserveAspectRatio=&#039;none&#039; overflow=&#039;visible&#039; height=&#039;100%&#039; viewBox=&#039;0 0 24 24&#039; fill=&#039;black&#039; stroke=&#039;none&#039;%3E%3Cpolygon points=&#039;9.4,2 24,2 14.6,21.6 0,21.6&#039;\/%3E%3C\/svg%3E&quot;);\">\n\t\t\t<span class=\"elementor-divider-separator\">\n\t\t\t\t\t\t<\/span>\n\t\t<\/div>\n\t\t\t\t\t\t<\/div>\n\t\t\t\t<\/div>\n\t\t\t\t<div class=\"elementor-element elementor-element-28a3997 elementor-widget elementor-widget-text-editor\" data-id=\"28a3997\" data-element_type=\"widget\" data-widget_type=\"text-editor.default\">\n\t\t\t\t<div class=\"elementor-widget-container\">\n\t\t\t\t\t\t\t\t\t<p>D\u01b0\u1edbi s\u1ef1 h\u01b0\u1edbng d\u1eabn t\u1eadn t\u00ecnh c\u1ee7a ThS Nguy\u1ec5n Duy Nh\u1ea5t v\u00e0 anh V\u00f5 T\u00e2y, t\u00f4i v\u1eeba ho\u00e0n th\u00e0nh kh\u00f3a h\u1ecdc M06 (PP) v\u00e0 \u0111\u1ea1t ch\u1ee9ng ch\u1ec9 qu\u1ed1c t\u1ebf C_TS422: SAP Certified Application Associate - SAP S\/4HANA Production Planning and Manufacturing th\u00f4ng qua ch\u1ee9ng ch\u1ec9 mi\u1ec5n ph\u00ed. T\u00f4i xin b\u00e0y t\u1ecf l\u00f2ng bi\u1ebft \u01a1n \u0111\u1ebfn ban t\u1ed5 ch\u1ee9c, \u0111\u1eb7c bi\u1ec7t l\u00e0 ThS Nguy\u1ec5n Duy Nh\u1ea5t v\u00e0 anh V\u00f5 T\u00e2y, nh\u1eefng ng\u01b0\u1eddi \u0111\u00e3 h\u1ed7 tr\u1ee3 v\u00e0 truy\u1ec1n c\u1ea3m h\u1ee9ng r\u1ea5t nhi\u1ec1u cho t\u00f4i. Qu\u1ea3 th\u1ef1c, kh\u00f3a h\u1ecdc n\u00e0y \u0111\u00e3 h\u1ed7 tr\u1ee3 t\u00f4i r\u1ea5t nhi\u1ec1u trong vi\u1ec7c tri\u1ec3n khai SAP t\u1ea1i c\u00f4ng ty hi\u1ec7n t\u1ea1i. .<\/p>\t\t\t\t\t\t\t\t<\/div>\n\t\t\t\t<\/div>\n\t\t\t\t<div class=\"elementor-element elementor-element-6f4ddfd elementor-widget elementor-widget-heading\" data-id=\"6f4ddfd\" data-element_type=\"widget\" data-widget_type=\"heading.default\">\n\t\t\t\t<div class=\"elementor-widget-container\">\n\t\t\t\t\t<h5 class=\"elementor-heading-title elementor-size-default\">Long Le<\/h5>\t\t\t\t<\/div>\n\t\t\t\t<\/div>\n\t\t\t\t<div class=\"elementor-element elementor-element-e618594 elementor-widget elementor-widget-heading\" data-id=\"e618594\" data-element_type=\"widget\" data-widget_type=\"heading.default\">\n\t\t\t\t<div class=\"elementor-widget-container\">\n\t\t\t\t\t<h6 class=\"elementor-heading-title elementor-size-default\">Business Analyst at Thuan Phuong Group<\/h6>\t\t\t\t<\/div>\n\t\t\t\t<\/div>\n\t\t\t\t<div class=\"elementor-element elementor-element-f8aff53 elementor-absolute elementor-widget elementor-widget-image\" data-id=\"f8aff53\" data-element_type=\"widget\" data-settings=\"{&quot;_position&quot;:&quot;absolute&quot;}\" data-widget_type=\"image.default\">\n\t\t\t\t<div class=\"elementor-widget-container\">\n\t\t\t\t\t\t\t\t\t\t\t\t\t\t\t<img decoding=\"async\" width=\"200\" height=\"489\" src=\"https:\/\/ngig.edu.vn\/wp-content\/uploads\/2020\/10\/pattern-v.png\" class=\"attachment-large size-large wp-image-568\" alt=\"\" srcset=\"https:\/\/ngig.edu.vn\/wp-content\/uploads\/2020\/10\/pattern-v.png 200w, https:\/\/ngig.edu.vn\/wp-content\/uploads\/2020\/10\/pattern-v-123x300.png 123w\" sizes=\"(max-width: 200px) 100vw, 200px\" \/>\t\t\t\t\t\t\t\t\t\t\t\t\t\t\t<\/div>\n\t\t\t\t<\/div>\n\t\t\t\t<\/div>\n\t\t\t\t\t<\/div>\n\t\t\t\t<\/div>\n\t\t<div class=\"elementor-element elementor-element-7f3ed54 e-flex e-con-boxed e-con e-parent\" data-id=\"7f3ed54\" data-element_type=\"container\">\n\t\t\t\t\t<div class=\"e-con-inner\">\n\t\t<div class=\"elementor-element elementor-element-7fd6381 e-con-full e-flex e-con e-child\" data-id=\"7fd6381\" data-element_type=\"container\">\n\t\t\t\t<div class=\"elementor-element elementor-element-fe9479f elementor-widget elementor-widget-heading\" data-id=\"fe9479f\" data-element_type=\"widget\" data-widget_type=\"heading.default\">\n\t\t\t\t<div class=\"elementor-widget-container\">\n\t\t\t\t\t<h6 class=\"elementor-heading-title elementor-size-default\">Active member of M06 (PP) Class<\/h6>\t\t\t\t<\/div>\n\t\t\t\t<\/div>\n\t\t\t\t<div class=\"elementor-element elementor-element-f296c6e elementor-widget elementor-widget-heading\" data-id=\"f296c6e\" data-element_type=\"widget\" data-widget_type=\"heading.default\">\n\t\t\t\t<div class=\"elementor-widget-container\">\n\t\t\t\t\t<h2 class=\"elementor-heading-title elementor-size-default\">In-Depth Learning<\/h2>\t\t\t\t<\/div>\n\t\t\t\t<\/div>\n\t\t\t\t<\/div>\n\t\t<div class=\"elementor-element elementor-element-8f0e3b0 e-con-full e-flex e-con e-child\" data-id=\"8f0e3b0\" data-element_type=\"container\">\n\t\t\t\t<div class=\"elementor-element elementor-element-573ec25 elementor-widget elementor-widget-heading\" data-id=\"573ec25\" data-element_type=\"widget\" data-widget_type=\"heading.default\">\n\t\t\t\t<div class=\"elementor-widget-container\">\n\t\t\t\t\t<h4 class=\"elementor-heading-title elementor-size-default\">\"With the team of experienced instructors, the sessions always delve into the core, revolving around important content from E-books.\"<br><\/h4>\t\t\t\t<\/div>\n\t\t\t\t<\/div>\n\t\t\t\t<div class=\"elementor-element elementor-element-35f859d elementor-widget elementor-widget-text-editor\" data-id=\"35f859d\" data-element_type=\"widget\" data-widget_type=\"text-editor.default\">\n\t\t\t\t<div class=\"elementor-widget-container\">\n\t\t\t\t\t\t\t\t\t<p>With the desire to systematize knowledge and study PP in a comprehensive manner, I enrolled in the M06 course organized by the NGIG Institute in collaboration with Bi-Lab Center &#8211; University of Economics and Law and Abeo Academy.<\/p>\t\t\t\t\t\t\t\t<\/div>\n\t\t\t\t<\/div>\n\t\t\t\t<div class=\"elementor-element elementor-element-7ed4d43 elementor-widget elementor-widget-text-editor\" data-id=\"7ed4d43\" data-element_type=\"widget\" data-widget_type=\"text-editor.default\">\n\t\t\t\t<div class=\"elementor-widget-container\">\n\t\t\t\t\t\t\t\t\t<p>Indeed, the M06 course has a substantial theoretical content. With the team of experienced instructors, the sessions always delve into the core, revolving around important content from E-books. Although there is a significant theoretical aspect, there is also practical application, with in-depth hands-on exercises, testing end-to-end connections with other modules such as SD, MM, CO, etc. Additionally, MSc. Nhat is always enthusiastic about providing supplementary guidance on technical issues and SAP S\/4HANA installations to serve the PP module, ensuring that students have a managerial perspective on SAP project implementation.<\/p>\t\t\t\t\t\t\t\t<\/div>\n\t\t\t\t<\/div>\n\t\t\t\t<\/div>\n\t\t\t\t\t<\/div>\n\t\t\t\t<\/div>\n\t\t<div class=\"elementor-element elementor-element-0e87232 e-flex e-con-boxed e-con e-parent\" data-id=\"0e87232\" data-element_type=\"container\">\n\t\t\t\t\t<div class=\"e-con-inner\">\n\t\t<div class=\"elementor-element elementor-element-268297f e-con-full e-flex e-con e-child\" data-id=\"268297f\" data-element_type=\"container\">\n\t\t\t\t<div class=\"elementor-element elementor-element-3e7683b elementor-widget elementor-widget-heading\" data-id=\"3e7683b\" data-element_type=\"widget\" data-widget_type=\"heading.default\">\n\t\t\t\t<div class=\"elementor-widget-container\">\n\t\t\t\t\t<h4 class=\"elementor-heading-title elementor-size-default\">\"Enrolling in the M06 course was the right decision, helping me apply knowledge effectively in the process of implementing SAP at my company - Thuan Phuong Group.\"<br><\/h4>\t\t\t\t<\/div>\n\t\t\t\t<\/div>\n\t\t\t\t<div class=\"elementor-element elementor-element-c374ffb elementor-widget elementor-widget-text-editor\" data-id=\"c374ffb\" data-element_type=\"widget\" data-widget_type=\"text-editor.default\">\n\t\t\t\t<div class=\"elementor-widget-container\">\n\t\t\t\t\t\t\t\t\t<p>I wish continued growth and robustness for the SAP community in Vietnam. My heartfelt wishes for MSc. Nhat and Mr. Tay enduring health as they continue their mission of illuminating brighter career paths for students and learners occupying diverse positions and fields in Vietnam and across the globe.<\/p>\t\t\t\t\t\t\t\t<\/div>\n\t\t\t\t<\/div>\n\t\t\t\t<\/div>\n\t\t\t\t\t<\/div>\n\t\t\t\t<\/div>\n\t\t<div class=\"elementor-element elementor-element-6156c2d e-flex e-con-boxed e-con e-parent\" data-id=\"6156c2d\" data-element_type=\"container\" data-settings=\"{&quot;background_background&quot;:&quot;classic&quot;}\">\n\t\t\t\t\t<div class=\"e-con-inner\">\n\t\t<div class=\"elementor-element elementor-element-e2d76a9 e-con-full e-flex e-con e-child\" data-id=\"e2d76a9\" data-element_type=\"container\">\n\t\t\t\t<div class=\"elementor-element elementor-element-1c59553 elementor-view-stacked elementor-position-left elementor-shape-circle elementor-mobile-position-top elementor-widget elementor-widget-icon-box\" data-id=\"1c59553\" data-element_type=\"widget\" data-widget_type=\"icon-box.default\">\n\t\t\t\t<div class=\"elementor-widget-container\">\n\t\t\t\t\t\t\t<div class=\"elementor-icon-box-wrapper\">\n\n\t\t\t\t\t\t<div class=\"elementor-icon-box-icon\">\n\t\t\t\t<span  class=\"elementor-icon\">\n\t\t\t\t<svg aria-hidden=\"true\" class=\"e-font-icon-svg e-fas-crown\" viewbox=\"0 0 640 512\" xmlns=\"http:\/\/www.w3.org\/2000\/svg\"><path d=\"M528 448H112c-8.8 0-16 7.2-16 16v32c0 8.8 7.2 16 16 16h416c8.8 0 16-7.2 16-16v-32c0-8.8-7.2-16-16-16zm64-320c-26.5 0-48 21.5-48 48 0 7.1 1.6 13.7 4.4 19.8L476 239.2c-15.4 9.2-35.3 4-44.2-11.6L350.3 85C361 76.2 368 63 368 48c0-26.5-21.5-48-48-48s-48 21.5-48 48c0 15 7 28.2 17.7 37l-81.5 142.6c-8.9 15.6-28.9 20.8-44.2 11.6l-72.3-43.4c2.7-6 4.4-12.7 4.4-19.8 0-26.5-21.5-48-48-48S0 149.5 0 176s21.5 48 48 48c2.6 0 5.2-.4 7.7-.8L128 416h384l72.3-192.8c2.5.4 5.1.8 7.7.8 26.5 0 48-21.5 48-48s-21.5-48-48-48z\"><\/path><\/svg>\t\t\t\t<\/span>\n\t\t\t<\/div>\n\t\t\t\n\t\t\t\t\t\t<div class=\"elementor-icon-box-content\">\n\n\t\t\t\t\t\t\t\t\t<h5 class=\"elementor-icon-box-title\">\n\t\t\t\t\t\t<span  >\n\t\t\t\t\t\t\t Chuy\u00ean Gia \u0110\u1ea7u Ng\u00e0nh\t\t\t\t\t\t<\/span>\n\t\t\t\t\t<\/h5>\n\t\t\t\t\n\t\t\t\t\t\t\t\t\t<p class=\"elementor-icon-box-description\">\n\t\t\t\t\t\tD\u01b0\u1edbi s\u1ef1 d\u1eabn d\u1eaft c\u1ee7a \u0111\u1ed9i ng\u0169 gi\u1ea3ng vi\u00ean gi\u00e0u kinh nghi\u1ec7m, ch\u01b0\u01a1ng tr\u00ecnh \u0111\u00e0o t\u1ea1o t\u1ea1i trung t\u00e2m NGIG c\u1ee7a ch\u00fang t\u00f4i cung c\u1ea5p ph\u01b0\u01a1ng ph\u00e1p h\u1ecdc t\u1eadp th\u1ef1c ti\u1ec5n, trang b\u1ecb cho h\u1ecdc vi\u00ean nh\u1eefng k\u1ef9 n\u0103ng c\u1ea7n thi\u1ebft \u0111\u1ec3 th\u00e0nh c\u00f4ng.\t\t\t\t\t<\/p>\n\t\t\t\t\n\t\t\t<\/div>\n\t\t\t\n\t\t<\/div>\n\t\t\t\t\t\t<\/div>\n\t\t\t\t<\/div>\n\t\t\t\t<\/div>\n\t\t<div class=\"elementor-element elementor-element-19297b4 e-con-full e-flex e-con e-child\" data-id=\"19297b4\" data-element_type=\"container\">\n\t\t\t\t<div class=\"elementor-element elementor-element-85a9927 elementor-view-stacked elementor-position-left elementor-shape-circle elementor-mobile-position-top elementor-widget elementor-widget-icon-box\" data-id=\"85a9927\" data-element_type=\"widget\" data-widget_type=\"icon-box.default\">\n\t\t\t\t<div class=\"elementor-widget-container\">\n\t\t\t\t\t\t\t<div class=\"elementor-icon-box-wrapper\">\n\n\t\t\t\t\t\t<div class=\"elementor-icon-box-icon\">\n\t\t\t\t<span  class=\"elementor-icon\">\n\t\t\t\t<svg aria-hidden=\"true\" class=\"e-font-icon-svg e-fas-clock\" viewbox=\"0 0 512 512\" xmlns=\"http:\/\/www.w3.org\/2000\/svg\"><path d=\"M256,8C119,8,8,119,8,256S119,504,256,504,504,393,504,256,393,8,256,8Zm92.49,313h0l-20,25a16,16,0,0,1-22.49,2.5h0l-67-49.72a40,40,0,0,1-15-31.23V112a16,16,0,0,1,16-16h32a16,16,0,0,1,16,16V256l58,42.5A16,16,0,0,1,348.49,321Z\"><\/path><\/svg>\t\t\t\t<\/span>\n\t\t\t<\/div>\n\t\t\t\n\t\t\t\t\t\t<div class=\"elementor-icon-box-content\">\n\n\t\t\t\t\t\t\t\t\t<h5 class=\"elementor-icon-box-title\">\n\t\t\t\t\t\t<span  >\n\t\t\t\t\t\t\tPh\u01b0\u01a1ng ph\u00e1p h\u1ecdc t\u1eadp linh ho\u1ea1t\t\t\t\t\t\t<\/span>\n\t\t\t\t\t<\/h5>\n\t\t\t\t\n\t\t\t\t\t\t\t\t\t<p class=\"elementor-icon-box-description\">\n\t\t\t\t\t\tH\u1ecdc t\u1eadp v\u00e0 th\u1ef1c h\u00e0nh t\u1ea1i trung t\u00e2m \u0111\u00e0o t\u1ea1o ho\u1eb7c theo ti\u1ebfn \u0111\u1ed9 c\u1ee7a b\u1ea1n, m\u1ecdi l\u00fac m\u1ecdi n\u01a1i, t\u1ea1o n\u00ean k\u1ebft qu\u1ea3 h\u1ecdc t\u1eadp th\u00e0nh c\u00f4ng.\t\t\t\t\t<\/p>\n\t\t\t\t\n\t\t\t<\/div>\n\t\t\t\n\t\t<\/div>\n\t\t\t\t\t\t<\/div>\n\t\t\t\t<\/div>\n\t\t\t\t<\/div>\n\t\t<div class=\"elementor-element elementor-element-74139ea e-con-full e-flex e-con e-child\" data-id=\"74139ea\" data-element_type=\"container\">\n\t\t\t\t<div class=\"elementor-element elementor-element-c06c6a2 elementor-view-stacked elementor-position-left elementor-shape-circle elementor-mobile-position-top elementor-widget elementor-widget-icon-box\" data-id=\"c06c6a2\" data-element_type=\"widget\" data-widget_type=\"icon-box.default\">\n\t\t\t\t<div class=\"elementor-widget-container\">\n\t\t\t\t\t\t\t<div class=\"elementor-icon-box-wrapper\">\n\n\t\t\t\t\t\t<div class=\"elementor-icon-box-icon\">\n\t\t\t\t<span  class=\"elementor-icon\">\n\t\t\t\t<svg aria-hidden=\"true\" class=\"e-font-icon-svg e-fas-book\" viewbox=\"0 0 448 512\" xmlns=\"http:\/\/www.w3.org\/2000\/svg\"><path d=\"M448 360V24c0-13.3-10.7-24-24-24H96C43 0 0 43 0 96v320c0 53 43 96 96 96h328c13.3 0 24-10.7 24-24v-16c0-7.5-3.5-14.3-8.9-18.7-4.2-15.4-4.2-59.3 0-74.7 5.4-4.3 8.9-11.1 8.9-18.6zM128 134c0-3.3 2.7-6 6-6h212c3.3 0 6 2.7 6 6v20c0 3.3-2.7 6-6 6H134c-3.3 0-6-2.7-6-6v-20zm0 64c0-3.3 2.7-6 6-6h212c3.3 0 6 2.7 6 6v20c0 3.3-2.7 6-6 6H134c-3.3 0-6-2.7-6-6v-20zm253.4 250H96c-17.7 0-32-14.3-32-32 0-17.6 14.4-32 32-32h285.4c-1.9 17.1-1.9 46.9 0 64z\"><\/path><\/svg>\t\t\t\t<\/span>\n\t\t\t<\/div>\n\t\t\t\n\t\t\t\t\t\t<div class=\"elementor-icon-box-content\">\n\n\t\t\t\t\t\t\t\t\t<h5 class=\"elementor-icon-box-title\">\n\t\t\t\t\t\t<span  >\n\t\t\t\t\t\t\tCh\u1ee9ng ch\u1ec9 To\u00e0n c\u1ea7u SAP\t\t\t\t\t\t<\/span>\n\t\t\t\t\t<\/h5>\n\t\t\t\t\n\t\t\t\t\t\t\t\t\t<p class=\"elementor-icon-box-description\">\n\t\t\t\t\t\tKi\u1ec3m ch\u1ee9ng k\u1ef9 n\u0103ng v\u00e0 tr\u1edf th\u00e0nh chuy\u00ean gia ch\u1ee9ng nh\u1eadn SAP \u0111\u00e1ng tin c\u1eady. T\u1eeb \u0111\u00f3 gi\u00fap b\u1ea1n n\u1ed5i b\u1eadt gi\u1eefa th\u1ecb tr\u01b0\u1eddng SAP c\u1ea1nh tranh.\t\t\t\t\t<\/p>\n\t\t\t\t\n\t\t\t<\/div>\n\t\t\t\n\t\t<\/div>\n\t\t\t\t\t\t<\/div>\n\t\t\t\t<\/div>\n\t\t\t\t<\/div>\n\t\t\t\t\t<\/div>\n\t\t\t\t<\/div>\n\t\t\t\t<\/div>","protected":false},"excerpt":{"rendered":"<p>SAP Student Testimonials What Our Students Say SAP Global Certified &#8220;Under the dedicated guidance of MSc. Nhat Nguyen and Mr. Tay Vo, I have just completed the M06 (PP) course and obtained the international certificate C_TS422: SAP Certified Application Associate &#8211; SAP S\/4HANA Production Planning and Manufacturing through the free certification exam. I would like [&hellip;]<\/p>","protected":false},"author":1,"featured_media":0,"parent":1549,"menu_order":0,"comment_status":"closed","ping_status":"closed","template":"","meta":{"om_disable_all_campaigns":false,"_monsterinsights_skip_tracking":false,"_monsterinsights_sitenote_active":false,"_monsterinsights_sitenote_note":"","_monsterinsights_sitenote_category":0,"site-sidebar-layout":"no-sidebar","site-content-layout":"page-builder","ast-site-content-layout":"default","site-content-style":"default","site-sidebar-style":"default","ast-global-header-display":"","ast-banner-title-visibility":"","ast-main-header-display":"","ast-hfb-above-header-display":"","ast-hfb-below-header-display":"","ast-hfb-mobile-header-display":"","site-post-title":"disabled","ast-breadcrumbs-content":"disabled","ast-featured-img":"disabled","footer-sml-layout":"","theme-transparent-header-meta":"enabled","adv-header-id-meta":"","stick-header-meta":"","header-above-stick-meta":"","header-main-stick-meta":"","header-below-stick-meta":"","astra-migrate-meta-layouts":"default","ast-page-background-enabled":"default","ast-page-background-meta":{"desktop":{"background-color":"","background-image":"","background-repeat":"repeat","background-position":"center center","background-size":"auto","background-attachment":"scroll","background-type":"","background-media":"","overlay-type":"","overlay-color":"","overlay-opacity":"","overlay-gradient":""},"tablet":{"background-color":"","background-image":"","background-repeat":"repeat","background-position":"center center","background-size":"auto","background-attachment":"scroll","background-type":"","background-media":"","overlay-type":"","overlay-color":"","overlay-opacity":"","overlay-gradient":""},"mobile":{"background-color":"","background-image":"","background-repeat":"repeat","background-position":"center center","background-size":"auto","background-attachment":"scroll","background-type":"","background-media":"","overlay-type":"","overlay-color":"","overlay-opacity":"","overlay-gradient":""}},"ast-content-background-meta":{"desktop":{"background-color":"var(--ast-global-color-5)","background-image":"","background-repeat":"repeat","background-position":"center center","background-size":"auto","background-attachment":"scroll","background-type":"","background-media":"","overlay-type":"","overlay-color":"","overlay-opacity":"","overlay-gradient":""},"tablet":{"background-color":"var(--ast-global-color-5)","background-image":"","background-repeat":"repeat","background-position":"center center","background-size":"auto","background-attachment":"scroll","background-type":"","background-media":"","overlay-type":"","overlay-color":"","overlay-opacity":"","overlay-gradient":""},"mobile":{"background-color":"var(--ast-global-color-5)","background-image":"","background-repeat":"repeat","background-position":"center center","background-size":"auto","background-attachment":"scroll","background-type":"","background-media":"","overlay-type":"","overlay-color":"","overlay-opacity":"","overlay-gradient":""}},"footnotes":""},"class_list":["post-1561","page","type-page","status-publish","hentry"],"_hostinger_reach_plugin_has_subscription_block":false,"_hostinger_reach_plugin_is_elementor":false,"amp_enabled":true,"_links":{"self":[{"href":"https:\/\/ngig.edu.vn\/vi\/wp-json\/wp\/v2\/pages\/1561","targetHints":{"allow":["GET"]}}],"collection":[{"href":"https:\/\/ngig.edu.vn\/vi\/wp-json\/wp\/v2\/pages"}],"about":[{"href":"https:\/\/ngig.edu.vn\/vi\/wp-json\/wp\/v2\/types\/page"}],"author":[{"embeddable":true,"href":"https:\/\/ngig.edu.vn\/vi\/wp-json\/wp\/v2\/users\/1"}],"replies":[{"embeddable":true,"href":"https:\/\/ngig.edu.vn\/vi\/wp-json\/wp\/v2\/comments?post=1561"}],"version-history":[{"count":14,"href":"https:\/\/ngig.edu.vn\/vi\/wp-json\/wp\/v2\/pages\/1561\/revisions"}],"predecessor-version":[{"id":1918,"href":"https:\/\/ngig.edu.vn\/vi\/wp-json\/wp\/v2\/pages\/1561\/revisions\/1918"}],"up":[{"embeddable":true,"href":"https:\/\/ngig.edu.vn\/vi\/wp-json\/wp\/v2\/pages\/1549"}],"wp:attachment":[{"href":"https:\/\/ngig.edu.vn\/vi\/wp-json\/wp\/v2\/media?parent=1561"}],"curies":[{"name":"wp","href":"https:\/\/api.w.org\/{rel}","templated":true}]}}