{"id":1407,"date":"2023-12-04T18:21:33","date_gmt":"2023-12-04T18:21:33","guid":{"rendered":"http:\/\/34.124.240.125\/?page_id=1407"},"modified":"2024-01-26T16:39:45","modified_gmt":"2024-01-26T16:39:45","slug":"m01-testimonial-quan-tran-phong","status":"publish","type":"page","link":"https:\/\/ngig.edu.vn\/vi\/sap-student-testimonials\/m01-testimonial-quan-tran-phong\/","title":{"rendered":"Phong Quan&#8217;s Testimonial For SAP M01"},"content":{"rendered":"<div data-elementor-type=\"wp-page\" data-elementor-id=\"1407\" class=\"elementor elementor-1407\" data-elementor-post-type=\"page\">\n\t\t\t\t<div class=\"elementor-element elementor-element-caefbd9 e-flex e-con-boxed e-con e-parent\" data-id=\"caefbd9\" data-element_type=\"container\" data-settings=\"{&quot;background_background&quot;:&quot;classic&quot;}\">\n\t\t\t\t\t<div class=\"e-con-inner\">\n\t\t<div class=\"elementor-element elementor-element-47b8fd8 e-con-full e-flex e-con e-child\" data-id=\"47b8fd8\" data-element_type=\"container\">\n\t\t\t\t<div class=\"elementor-element elementor-element-421b8b9 elementor-widget elementor-widget-heading\" data-id=\"421b8b9\" data-element_type=\"widget\" data-widget_type=\"heading.default\">\n\t\t\t\t<div class=\"elementor-widget-container\">\n\t\t\t\t\t<h1 class=\"elementor-heading-title elementor-size-default\">Student Testimonials<\/h1>\t\t\t\t<\/div>\n\t\t\t\t<\/div>\n\t\t\t\t<div class=\"elementor-element elementor-element-18b0823 elementor-widget elementor-widget-text-editor\" data-id=\"18b0823\" data-element_type=\"widget\" data-widget_type=\"text-editor.default\">\n\t\t\t\t<div class=\"elementor-widget-container\">\n\t\t\t\t\t\t\t\t\t<p>Ph\u1ea3n h\u1ed3i t\u1eeb h\u1ecdc vi\u00ean<\/p>\t\t\t\t\t\t\t\t<\/div>\n\t\t\t\t<\/div>\n\t\t\t\t<\/div>\n\t\t\t\t\t<\/div>\n\t\t\t\t<\/div>\n\t\t<div class=\"elementor-element elementor-element-295d735 e-flex e-con-boxed e-con e-parent\" data-id=\"295d735\" data-element_type=\"container\" data-settings=\"{&quot;background_background&quot;:&quot;gradient&quot;}\">\n\t\t\t\t\t<div class=\"e-con-inner\">\n\t\t<div class=\"elementor-element elementor-element-25c2f26 e-con-full e-flex e-con e-child\" data-id=\"25c2f26\" data-element_type=\"container\">\n\t\t\t\t<div class=\"elementor-element elementor-element-c649ef9 elementor-widget elementor-widget-image\" data-id=\"c649ef9\" data-element_type=\"widget\" data-widget_type=\"image.default\">\n\t\t\t\t<div class=\"elementor-widget-container\">\n\t\t\t\t\t\t\t\t\t\t\t\t\t\t\t<img fetchpriority=\"high\" decoding=\"async\" width=\"875\" height=\"875\" src=\"https:\/\/ngig.edu.vn\/wp-content\/uploads\/2023\/12\/I-am-passionate-about-learning-SAP-3.png\" class=\"attachment-full size-full wp-image-1429\" alt=\"\" srcset=\"https:\/\/ngig.edu.vn\/wp-content\/uploads\/2023\/12\/I-am-passionate-about-learning-SAP-3.png 875w, https:\/\/ngig.edu.vn\/wp-content\/uploads\/2023\/12\/I-am-passionate-about-learning-SAP-3-300x300.png 300w, https:\/\/ngig.edu.vn\/wp-content\/uploads\/2023\/12\/I-am-passionate-about-learning-SAP-3-100x100.png 100w, https:\/\/ngig.edu.vn\/wp-content\/uploads\/2023\/12\/I-am-passionate-about-learning-SAP-3-600x600.png 600w, https:\/\/ngig.edu.vn\/wp-content\/uploads\/2023\/12\/I-am-passionate-about-learning-SAP-3-150x150.png 150w, https:\/\/ngig.edu.vn\/wp-content\/uploads\/2023\/12\/I-am-passionate-about-learning-SAP-3-768x768.png 768w\" sizes=\"(max-width: 875px) 100vw, 875px\" \/>\t\t\t\t\t\t\t\t\t\t\t\t\t\t\t<\/div>\n\t\t\t\t<\/div>\n\t\t\t\t<\/div>\n\t\t<div class=\"elementor-element elementor-element-9e18fef e-con-full e-flex e-con e-child\" data-id=\"9e18fef\" data-element_type=\"container\">\n\t\t\t\t<div class=\"elementor-element elementor-element-3ef380c elementor-widget elementor-widget-heading\" data-id=\"3ef380c\" data-element_type=\"widget\" data-widget_type=\"heading.default\">\n\t\t\t\t<div class=\"elementor-widget-container\">\n\t\t\t\t\t<h3 class=\"elementor-heading-title elementor-size-default\">N\u00e2ng cao k\u1ef9 n\u0103ng SAP m\u1ed7i ng\u00e0y<\/h3>\t\t\t\t<\/div>\n\t\t\t\t<\/div>\n\t\t\t\t<div class=\"elementor-element elementor-element-ad36221 elementor-widget-divider--separator-type-pattern elementor-widget-divider--view-line elementor-widget elementor-widget-divider\" data-id=\"ad36221\" data-element_type=\"widget\" data-widget_type=\"divider.default\">\n\t\t\t\t<div class=\"elementor-widget-container\">\n\t\t\t\t\t\t\t<div class=\"elementor-divider\" style=\"--divider-pattern-url: url(&quot;data:image\/svg+xml,%3Csvg xmlns=&#039;http:\/\/www.w3.org\/2000\/svg&#039; preserveAspectRatio=&#039;none&#039; overflow=&#039;visible&#039; height=&#039;100%&#039; viewBox=&#039;0 0 24 24&#039; fill=&#039;black&#039; stroke=&#039;none&#039;%3E%3Cpolygon points=&#039;9.4,2 24,2 14.6,21.6 0,21.6&#039;\/%3E%3C\/svg%3E&quot;);\">\n\t\t\t<span class=\"elementor-divider-separator\">\n\t\t\t\t\t\t<\/span>\n\t\t<\/div>\n\t\t\t\t\t\t<\/div>\n\t\t\t\t<\/div>\n\t\t\t\t<div class=\"elementor-element elementor-element-28a3997 elementor-widget elementor-widget-text-editor\" data-id=\"28a3997\" data-element_type=\"widget\" data-widget_type=\"text-editor.default\">\n\t\t\t\t<div class=\"elementor-widget-container\">\n\t\t\t\t\t\t\t\t\t<p>\"Nh\u1eefng gi\u1ea3ng vi\u00ean truy\u1ec1n c\u1ea3m h\u1ee9ng t\u1ea1i NGIG \u0111\u00e3 ch\u1eafp c\u00e1nh cho ni\u1ec1m \u0111am m\u00ea SAP c\u1ee7a t\u00f4i. C\u00e1c kh\u00f3a h\u1ecdc t\u1ea1i NGIG cung c\u1ea5p ki\u1ebfn th\u1ee9c to\u00e0n di\u1ec7n v\u1ec1 c\u00e1c m\u00f4-\u0111un MM, SD, PP, PS, WM, IM, FI v\u00e0 CO c\u0169ng nh\u01b0 t\u01b0 duy logic trong h\u1ec7 th\u1ed1ng SAP. T\u00f4i d\u00e0nh g\u1ea7n 10 ti\u1ebfng m\u1ed7i ng\u00e0y luy\u1ec7n t\u1eadp SAP \u0111\u1ec3 bi\u1ebfn ki\u1ebfn th\u1ee9c \u0111\u01b0\u1ee3c h\u1ecdc t\u1ea1i NGIG th\u00e0nh k\u1ef9 n\u0103ng th\u1ef1c t\u1ebf.\u201d<\/p>\t\t\t\t\t\t\t\t<\/div>\n\t\t\t\t<\/div>\n\t\t\t\t<div class=\"elementor-element elementor-element-6f4ddfd elementor-widget elementor-widget-heading\" data-id=\"6f4ddfd\" data-element_type=\"widget\" data-widget_type=\"heading.default\">\n\t\t\t\t<div class=\"elementor-widget-container\">\n\t\t\t\t\t<h5 class=\"elementor-heading-title elementor-size-default\">Anh Qu\u1ea3n Tr\u1ea7n Phong<\/h5>\t\t\t\t<\/div>\n\t\t\t\t<\/div>\n\t\t\t\t<div class=\"elementor-element elementor-element-e618594 elementor-widget elementor-widget-heading\" data-id=\"e618594\" data-element_type=\"widget\" data-widget_type=\"heading.default\">\n\t\t\t\t<div class=\"elementor-widget-container\">\n\t\t\t\t\t<h6 class=\"elementor-heading-title elementor-size-default\">Engineering &amp; Project Manager cum SAP Operation Lead at PepsiCo Foods Vietnam<\/h6>\t\t\t\t<\/div>\n\t\t\t\t<\/div>\n\t\t\t\t<div class=\"elementor-element elementor-element-f8aff53 elementor-absolute elementor-widget elementor-widget-image\" data-id=\"f8aff53\" data-element_type=\"widget\" data-settings=\"{&quot;_position&quot;:&quot;absolute&quot;}\" data-widget_type=\"image.default\">\n\t\t\t\t<div class=\"elementor-widget-container\">\n\t\t\t\t\t\t\t\t\t\t\t\t\t\t\t<img decoding=\"async\" width=\"200\" height=\"489\" src=\"https:\/\/ngig.edu.vn\/wp-content\/uploads\/2020\/10\/pattern-v.png\" class=\"attachment-large size-large wp-image-568\" alt=\"\" srcset=\"https:\/\/ngig.edu.vn\/wp-content\/uploads\/2020\/10\/pattern-v.png 200w, https:\/\/ngig.edu.vn\/wp-content\/uploads\/2020\/10\/pattern-v-123x300.png 123w\" sizes=\"(max-width: 200px) 100vw, 200px\" \/>\t\t\t\t\t\t\t\t\t\t\t\t\t\t\t<\/div>\n\t\t\t\t<\/div>\n\t\t\t\t<\/div>\n\t\t\t\t\t<\/div>\n\t\t\t\t<\/div>\n\t\t<div class=\"elementor-element elementor-element-7f3ed54 e-flex e-con-boxed e-con e-parent\" data-id=\"7f3ed54\" data-element_type=\"container\">\n\t\t\t\t\t<div class=\"e-con-inner\">\n\t\t<div class=\"elementor-element elementor-element-7fd6381 e-con-full e-flex e-con e-child\" data-id=\"7fd6381\" data-element_type=\"container\">\n\t\t\t\t<div class=\"elementor-element elementor-element-fe9479f elementor-widget elementor-widget-heading\" data-id=\"fe9479f\" data-element_type=\"widget\" data-widget_type=\"heading.default\">\n\t\t\t\t<div class=\"elementor-widget-container\">\n\t\t\t\t\t<h6 class=\"elementor-heading-title elementor-size-default\">Class Leader of M01 11th<\/h6>\t\t\t\t<\/div>\n\t\t\t\t<\/div>\n\t\t\t\t<div class=\"elementor-element elementor-element-f296c6e elementor-widget elementor-widget-heading\" data-id=\"f296c6e\" data-element_type=\"widget\" data-widget_type=\"heading.default\">\n\t\t\t\t<div class=\"elementor-widget-container\">\n\t\t\t\t\t<h2 class=\"elementor-heading-title elementor-size-default\">Improved as a SAP Operation Leader<\/h2>\t\t\t\t<\/div>\n\t\t\t\t<\/div>\n\t\t\t\t<\/div>\n\t\t<div class=\"elementor-element elementor-element-8f0e3b0 e-con-full e-flex e-con e-child\" data-id=\"8f0e3b0\" data-element_type=\"container\">\n\t\t\t\t<div class=\"elementor-element elementor-element-573ec25 elementor-widget elementor-widget-heading\" data-id=\"573ec25\" data-element_type=\"widget\" data-widget_type=\"heading.default\">\n\t\t\t\t<div class=\"elementor-widget-container\">\n\t\t\t\t\t<h4 class=\"elementor-heading-title elementor-size-default\">\"It was very fortunate and fortuitous to know about the SAP training class namely \u201cSAP Consultant Journey to Excellence\u201d organized by NGIG Institute.\"<br><\/h4>\t\t\t\t<\/div>\n\t\t\t\t<\/div>\n\t\t\t\t<div class=\"elementor-element elementor-element-35f859d elementor-widget elementor-widget-text-editor\" data-id=\"35f859d\" data-element_type=\"widget\" data-widget_type=\"text-editor.default\">\n\t\t\t\t<div class=\"elementor-widget-container\">\n\t\t\t\t\t\t\t\t\t<p>My background is a graduate of Ho Chi Minh Polytechnic University, majoring in mechanical engineering &amp; automatic electricity, PLC, and industrial networks. I have over 15 years of experience working in the engineering industry and over 10 years in engineering and project manager positions. <a href=\"https:\/\/www.laysvietnam.com\/\" target=\"_blank\" rel=\"noopener\">Pepsi Food Company Vietnam<\/a> is currently implementing the SAP project and I am facing many difficulties in implementing this project.\u00a0<\/p><p>\u00a0<\/p>\t\t\t\t\t\t\t\t<\/div>\n\t\t\t\t<\/div>\n\t\t\t\t<div class=\"elementor-element elementor-element-7ed4d43 elementor-widget elementor-widget-text-editor\" data-id=\"7ed4d43\" data-element_type=\"widget\" data-widget_type=\"text-editor.default\">\n\t\t\t\t<div class=\"elementor-widget-container\">\n\t\t\t\t\t\t\t\t\t<p>It was very fortunate and fortuitous to know about the SAP training class namely \u201c<a href=\"https:\/\/ngig.edu.vn\/vi\/?page_id=1057\">SAP Consultant Journey to Excellence<\/a>\u201d organized by NGIG Institute (<a href=\"https:\/\/ngig.edu.vn\/vi\/\">NGI Group Co., Ltd<\/a>), in collaboration with Abeo Academy, the <a href=\"https:\/\/bilab.uel.edu.vn\/\" target=\"_blank\" rel=\"noopener\">Business Intelligence Research Lab (Bi-Lab) &amp; SAP Next-Gen Lab<\/a> at the <a href=\"https:\/\/www.uel.edu.vn\/\" target=\"_blank\" rel=\"noopener\">University of Economics &amp; Law \u2013 VNU HCM<\/a> (UEL). I was convinced from the beginning when I had a phone call about the agenda training content of class M01 with MSc Nhat Nguyen &#8211; Senior Director of Training, NGI Group cum Bi-Lab &amp; SAP Next-Gen at UEL. I registered immediately and became the class monitor of module M01 11<sup>th<\/sup> \u2013 <a href=\"https:\/\/training.sap.com\/course\/ts410-integrated-business-processes-in-sap-s4hana-classroom-017-g-en\/\" target=\"_blank\" rel=\"noopener\">Integrated Business Process with SAP S\/4HANA (TS410).<\/a> When joining the class, MSc Nhat always dedicatedly answered students&#8217; questions, as well as guided students in the most effective ways to study. I was so inspired by our dear lecturer, and I became addicted and passionate about SAP without knowing it before. Great integration in modules MM, SD, PP, PS, WM, IM, FI, and CO, as well as logical thinking in the SAP system. I am passionate about learning SAP and I spend nearly 10 hours every day practicing the SAP system.<\/p>\t\t\t\t\t\t\t\t<\/div>\n\t\t\t\t<\/div>\n\t\t\t\t<\/div>\n\t\t\t\t\t<\/div>\n\t\t\t\t<\/div>\n\t\t<div class=\"elementor-element elementor-element-0e87232 e-flex e-con-boxed e-con e-parent\" data-id=\"0e87232\" data-element_type=\"container\">\n\t\t\t\t\t<div class=\"e-con-inner\">\n\t\t<div class=\"elementor-element elementor-element-268297f e-con-full e-flex e-con e-child\" data-id=\"268297f\" data-element_type=\"container\">\n\t\t\t\t<div class=\"elementor-element elementor-element-3e7683b elementor-widget elementor-widget-heading\" data-id=\"3e7683b\" data-element_type=\"widget\" data-widget_type=\"heading.default\">\n\t\t\t\t<div class=\"elementor-widget-container\">\n\t\t\t\t\t<h4 class=\"elementor-heading-title elementor-size-default\">\"Currently, I have almost completed M01 and I have registered become a monitor class for M06 (PP), M05 (CO), P01 &amp; P02 (SAP &amp; RPA),\u2026\"<br><\/h4>\t\t\t\t<\/div>\n\t\t\t\t<\/div>\n\t\t\t\t<div class=\"elementor-element elementor-element-c374ffb elementor-widget elementor-widget-text-editor\" data-id=\"c374ffb\" data-element_type=\"widget\" data-widget_type=\"text-editor.default\">\n\t\t\t\t<div class=\"elementor-widget-container\">\n\t\t\t\t\t\t\t\t\t<p>Participating in class M01, I joined the <a href=\"https:\/\/www.facebook.com\/congdongtuvanhoctapSAP\" target=\"_blank\" rel=\"noopener\">SAP Vietnam Learning Community<\/a> and met and discussed with the founding members of the community. I admire the contributions &amp; dedication of MsC Nhat Nguyen, Mr. Dat Lam, Mr. Khanh Nguyen, Mrs. Jenna Mai, Ms. Tinh Vo&#8230; admire their dream of building a strong SAP Vietnam Learning Community, especially Mr. Nhat Nguyen\u2019s mission as Board Members of SAP UA Academic Board APJC to spread SAP knowledge to millions of students, working adults and the next generation of Vietnam.\u00a0<\/p><p>SAP &amp; RPA &amp; AI will be core technologies in the next few years, and I look forward to learning more to develop myself and my capabilities.<\/p><p>The limitation of your ability does not lie in the background or critical experience you have, it depends on your passion and ability to learn with a growth mindset.<\/p><p><strong>Quan Tran Phong (Mr.)<\/strong><\/p><p>Engineering &amp; Project Manager PepsiCo Foods cum SAP Operation Lead at Pepsi Food Vietnam<\/p>\t\t\t\t\t\t\t\t<\/div>\n\t\t\t\t<\/div>\n\t\t\t\t<\/div>\n\t\t\t\t\t<\/div>\n\t\t\t\t<\/div>\n\t\t<div class=\"elementor-element elementor-element-6156c2d e-flex e-con-boxed e-con e-parent\" data-id=\"6156c2d\" data-element_type=\"container\" data-settings=\"{&quot;background_background&quot;:&quot;classic&quot;}\">\n\t\t\t\t\t<div class=\"e-con-inner\">\n\t\t<div class=\"elementor-element elementor-element-e2d76a9 e-con-full e-flex e-con e-child\" data-id=\"e2d76a9\" data-element_type=\"container\">\n\t\t\t\t<div class=\"elementor-element elementor-element-1c59553 elementor-view-stacked elementor-position-left elementor-shape-circle elementor-mobile-position-top elementor-widget elementor-widget-icon-box\" data-id=\"1c59553\" data-element_type=\"widget\" data-widget_type=\"icon-box.default\">\n\t\t\t\t<div class=\"elementor-widget-container\">\n\t\t\t\t\t\t\t<div class=\"elementor-icon-box-wrapper\">\n\n\t\t\t\t\t\t<div class=\"elementor-icon-box-icon\">\n\t\t\t\t<span  class=\"elementor-icon\">\n\t\t\t\t<svg aria-hidden=\"true\" class=\"e-font-icon-svg e-fas-crown\" viewbox=\"0 0 640 512\" xmlns=\"http:\/\/www.w3.org\/2000\/svg\"><path d=\"M528 448H112c-8.8 0-16 7.2-16 16v32c0 8.8 7.2 16 16 16h416c8.8 0 16-7.2 16-16v-32c0-8.8-7.2-16-16-16zm64-320c-26.5 0-48 21.5-48 48 0 7.1 1.6 13.7 4.4 19.8L476 239.2c-15.4 9.2-35.3 4-44.2-11.6L350.3 85C361 76.2 368 63 368 48c0-26.5-21.5-48-48-48s-48 21.5-48 48c0 15 7 28.2 17.7 37l-81.5 142.6c-8.9 15.6-28.9 20.8-44.2 11.6l-72.3-43.4c2.7-6 4.4-12.7 4.4-19.8 0-26.5-21.5-48-48-48S0 149.5 0 176s21.5 48 48 48c2.6 0 5.2-.4 7.7-.8L128 416h384l72.3-192.8c2.5.4 5.1.8 7.7.8 26.5 0 48-21.5 48-48s-21.5-48-48-48z\"><\/path><\/svg>\t\t\t\t<\/span>\n\t\t\t<\/div>\n\t\t\t\n\t\t\t\t\t\t<div class=\"elementor-icon-box-content\">\n\n\t\t\t\t\t\t\t\t\t<h5 class=\"elementor-icon-box-title\">\n\t\t\t\t\t\t<span  >\n\t\t\t\t\t\t\t Chuy\u00ean Gia \u0110\u1ea7u Ng\u00e0nh\t\t\t\t\t\t<\/span>\n\t\t\t\t\t<\/h5>\n\t\t\t\t\n\t\t\t\t\t\t\t\t\t<p class=\"elementor-icon-box-description\">\n\t\t\t\t\t\tD\u01b0\u1edbi s\u1ef1 d\u1eabn d\u1eaft c\u1ee7a \u0111\u1ed9i ng\u0169 gi\u1ea3ng vi\u00ean gi\u00e0u kinh nghi\u1ec7m, ch\u01b0\u01a1ng tr\u00ecnh \u0111\u00e0o t\u1ea1o t\u1ea1i trung t\u00e2m NGIG c\u1ee7a ch\u00fang t\u00f4i cung c\u1ea5p ph\u01b0\u01a1ng ph\u00e1p h\u1ecdc t\u1eadp th\u1ef1c ti\u1ec5n, trang b\u1ecb cho h\u1ecdc vi\u00ean nh\u1eefng k\u1ef9 n\u0103ng c\u1ea7n thi\u1ebft \u0111\u1ec3 th\u00e0nh c\u00f4ng.\t\t\t\t\t<\/p>\n\t\t\t\t\n\t\t\t<\/div>\n\t\t\t\n\t\t<\/div>\n\t\t\t\t\t\t<\/div>\n\t\t\t\t<\/div>\n\t\t\t\t<\/div>\n\t\t<div class=\"elementor-element elementor-element-19297b4 e-con-full e-flex e-con e-child\" data-id=\"19297b4\" data-element_type=\"container\">\n\t\t\t\t<div class=\"elementor-element elementor-element-85a9927 elementor-view-stacked elementor-position-left elementor-shape-circle elementor-mobile-position-top elementor-widget elementor-widget-icon-box\" data-id=\"85a9927\" data-element_type=\"widget\" data-widget_type=\"icon-box.default\">\n\t\t\t\t<div class=\"elementor-widget-container\">\n\t\t\t\t\t\t\t<div class=\"elementor-icon-box-wrapper\">\n\n\t\t\t\t\t\t<div class=\"elementor-icon-box-icon\">\n\t\t\t\t<span  class=\"elementor-icon\">\n\t\t\t\t<svg aria-hidden=\"true\" class=\"e-font-icon-svg e-fas-clock\" viewbox=\"0 0 512 512\" xmlns=\"http:\/\/www.w3.org\/2000\/svg\"><path d=\"M256,8C119,8,8,119,8,256S119,504,256,504,504,393,504,256,393,8,256,8Zm92.49,313h0l-20,25a16,16,0,0,1-22.49,2.5h0l-67-49.72a40,40,0,0,1-15-31.23V112a16,16,0,0,1,16-16h32a16,16,0,0,1,16,16V256l58,42.5A16,16,0,0,1,348.49,321Z\"><\/path><\/svg>\t\t\t\t<\/span>\n\t\t\t<\/div>\n\t\t\t\n\t\t\t\t\t\t<div class=\"elementor-icon-box-content\">\n\n\t\t\t\t\t\t\t\t\t<h5 class=\"elementor-icon-box-title\">\n\t\t\t\t\t\t<span  >\n\t\t\t\t\t\t\tPh\u01b0\u01a1ng ph\u00e1p h\u1ecdc t\u1eadp linh ho\u1ea1t\t\t\t\t\t\t<\/span>\n\t\t\t\t\t<\/h5>\n\t\t\t\t\n\t\t\t\t\t\t\t\t\t<p class=\"elementor-icon-box-description\">\n\t\t\t\t\t\tH\u1ecdc t\u1eadp v\u00e0 th\u1ef1c h\u00e0nh t\u1ea1i trung t\u00e2m \u0111\u00e0o t\u1ea1o ho\u1eb7c theo ti\u1ebfn \u0111\u1ed9 c\u1ee7a b\u1ea1n, m\u1ecdi l\u00fac m\u1ecdi n\u01a1i, t\u1ea1o n\u00ean k\u1ebft qu\u1ea3 h\u1ecdc t\u1eadp th\u00e0nh c\u00f4ng.\t\t\t\t\t<\/p>\n\t\t\t\t\n\t\t\t<\/div>\n\t\t\t\n\t\t<\/div>\n\t\t\t\t\t\t<\/div>\n\t\t\t\t<\/div>\n\t\t\t\t<\/div>\n\t\t<div class=\"elementor-element elementor-element-74139ea e-con-full e-flex e-con e-child\" data-id=\"74139ea\" data-element_type=\"container\">\n\t\t\t\t<div class=\"elementor-element elementor-element-c06c6a2 elementor-view-stacked elementor-position-left elementor-shape-circle elementor-mobile-position-top elementor-widget elementor-widget-icon-box\" data-id=\"c06c6a2\" data-element_type=\"widget\" data-widget_type=\"icon-box.default\">\n\t\t\t\t<div class=\"elementor-widget-container\">\n\t\t\t\t\t\t\t<div class=\"elementor-icon-box-wrapper\">\n\n\t\t\t\t\t\t<div class=\"elementor-icon-box-icon\">\n\t\t\t\t<span  class=\"elementor-icon\">\n\t\t\t\t<svg aria-hidden=\"true\" class=\"e-font-icon-svg e-fas-book\" viewbox=\"0 0 448 512\" xmlns=\"http:\/\/www.w3.org\/2000\/svg\"><path d=\"M448 360V24c0-13.3-10.7-24-24-24H96C43 0 0 43 0 96v320c0 53 43 96 96 96h328c13.3 0 24-10.7 24-24v-16c0-7.5-3.5-14.3-8.9-18.7-4.2-15.4-4.2-59.3 0-74.7 5.4-4.3 8.9-11.1 8.9-18.6zM128 134c0-3.3 2.7-6 6-6h212c3.3 0 6 2.7 6 6v20c0 3.3-2.7 6-6 6H134c-3.3 0-6-2.7-6-6v-20zm0 64c0-3.3 2.7-6 6-6h212c3.3 0 6 2.7 6 6v20c0 3.3-2.7 6-6 6H134c-3.3 0-6-2.7-6-6v-20zm253.4 250H96c-17.7 0-32-14.3-32-32 0-17.6 14.4-32 32-32h285.4c-1.9 17.1-1.9 46.9 0 64z\"><\/path><\/svg>\t\t\t\t<\/span>\n\t\t\t<\/div>\n\t\t\t\n\t\t\t\t\t\t<div class=\"elementor-icon-box-content\">\n\n\t\t\t\t\t\t\t\t\t<h5 class=\"elementor-icon-box-title\">\n\t\t\t\t\t\t<span  >\n\t\t\t\t\t\t\tCh\u1ee9ng ch\u1ec9 To\u00e0n c\u1ea7u SAP\t\t\t\t\t\t<\/span>\n\t\t\t\t\t<\/h5>\n\t\t\t\t\n\t\t\t\t\t\t\t\t\t<p class=\"elementor-icon-box-description\">\n\t\t\t\t\t\tKi\u1ec3m ch\u1ee9ng k\u1ef9 n\u0103ng v\u00e0 tr\u1edf th\u00e0nh chuy\u00ean gia ch\u1ee9ng nh\u1eadn SAP \u0111\u00e1ng tin c\u1eady. T\u1eeb \u0111\u00f3 gi\u00fap b\u1ea1n n\u1ed5i b\u1eadt gi\u1eefa th\u1ecb tr\u01b0\u1eddng SAP c\u1ea1nh tranh.\t\t\t\t\t<\/p>\n\t\t\t\t\n\t\t\t<\/div>\n\t\t\t\n\t\t<\/div>\n\t\t\t\t\t\t<\/div>\n\t\t\t\t<\/div>\n\t\t\t\t<\/div>\n\t\t\t\t\t<\/div>\n\t\t\t\t<\/div>\n\t\t\t\t<\/div>","protected":false},"excerpt":{"rendered":"<p>Student Testimonials What Our Students Say Elevate SAP Skills Every Day &#8220;I was so inspired by our dear lecturer, and I became addicted and passionate about SAP without knowing it before. Great integration in modules MM, SD, PP, PS, WM, IM, FI, and CO, as well as logical thinking in the SAP system. I am [&hellip;]<\/p>","protected":false},"author":1,"featured_media":0,"parent":1549,"menu_order":0,"comment_status":"closed","ping_status":"closed","template":"","meta":{"om_disable_all_campaigns":false,"_monsterinsights_skip_tracking":false,"_monsterinsights_sitenote_active":false,"_monsterinsights_sitenote_note":"","_monsterinsights_sitenote_category":0,"site-sidebar-layout":"no-sidebar","site-content-layout":"page-builder","ast-site-content-layout":"default","site-content-style":"default","site-sidebar-style":"default","ast-global-header-display":"","ast-banner-title-visibility":"","ast-main-header-display":"","ast-hfb-above-header-display":"","ast-hfb-below-header-display":"","ast-hfb-mobile-header-display":"","site-post-title":"disabled","ast-breadcrumbs-content":"disabled","ast-featured-img":"disabled","footer-sml-layout":"","theme-transparent-header-meta":"enabled","adv-header-id-meta":"","stick-header-meta":"","header-above-stick-meta":"","header-main-stick-meta":"","header-below-stick-meta":"","astra-migrate-meta-layouts":"default","ast-page-background-enabled":"default","ast-page-background-meta":{"desktop":{"background-color":"","background-image":"","background-repeat":"repeat","background-position":"center center","background-size":"auto","background-attachment":"scroll","background-type":"","background-media":"","overlay-type":"","overlay-color":"","overlay-opacity":"","overlay-gradient":""},"tablet":{"background-color":"","background-image":"","background-repeat":"repeat","background-position":"center center","background-size":"auto","background-attachment":"scroll","background-type":"","background-media":"","overlay-type":"","overlay-color":"","overlay-opacity":"","overlay-gradient":""},"mobile":{"background-color":"","background-image":"","background-repeat":"repeat","background-position":"center center","background-size":"auto","background-attachment":"scroll","background-type":"","background-media":"","overlay-type":"","overlay-color":"","overlay-opacity":"","overlay-gradient":""}},"ast-content-background-meta":{"desktop":{"background-color":"var(--ast-global-color-5)","background-image":"","background-repeat":"repeat","background-position":"center center","background-size":"auto","background-attachment":"scroll","background-type":"","background-media":"","overlay-type":"","overlay-color":"","overlay-opacity":"","overlay-gradient":""},"tablet":{"background-color":"var(--ast-global-color-5)","background-image":"","background-repeat":"repeat","background-position":"center center","background-size":"auto","background-attachment":"scroll","background-type":"","background-media":"","overlay-type":"","overlay-color":"","overlay-opacity":"","overlay-gradient":""},"mobile":{"background-color":"var(--ast-global-color-5)","background-image":"","background-repeat":"repeat","background-position":"center center","background-size":"auto","background-attachment":"scroll","background-type":"","background-media":"","overlay-type":"","overlay-color":"","overlay-opacity":"","overlay-gradient":""}},"footnotes":""},"class_list":["post-1407","page","type-page","status-publish","hentry"],"_hostinger_reach_plugin_has_subscription_block":false,"_hostinger_reach_plugin_is_elementor":false,"amp_enabled":true,"_links":{"self":[{"href":"https:\/\/ngig.edu.vn\/vi\/wp-json\/wp\/v2\/pages\/1407","targetHints":{"allow":["GET"]}}],"collection":[{"href":"https:\/\/ngig.edu.vn\/vi\/wp-json\/wp\/v2\/pages"}],"about":[{"href":"https:\/\/ngig.edu.vn\/vi\/wp-json\/wp\/v2\/types\/page"}],"author":[{"embeddable":true,"href":"https:\/\/ngig.edu.vn\/vi\/wp-json\/wp\/v2\/users\/1"}],"replies":[{"embeddable":true,"href":"https:\/\/ngig.edu.vn\/vi\/wp-json\/wp\/v2\/comments?post=1407"}],"version-history":[{"count":62,"href":"https:\/\/ngig.edu.vn\/vi\/wp-json\/wp\/v2\/pages\/1407\/revisions"}],"predecessor-version":[{"id":1912,"href":"https:\/\/ngig.edu.vn\/vi\/wp-json\/wp\/v2\/pages\/1407\/revisions\/1912"}],"up":[{"embeddable":true,"href":"https:\/\/ngig.edu.vn\/vi\/wp-json\/wp\/v2\/pages\/1549"}],"wp:attachment":[{"href":"https:\/\/ngig.edu.vn\/vi\/wp-json\/wp\/v2\/media?parent=1407"}],"curies":[{"name":"wp","href":"https:\/\/api.w.org\/{rel}","templated":true}]}}